{"id":3,"date":"2025-01-07T11:53:04","date_gmt":"2025-01-07T11:53:04","guid":{"rendered":"https:\/\/timelesstransfers.pt\/?page_id=3"},"modified":"2026-04-23T20:20:01","modified_gmt":"2026-04-23T19:20:01","slug":"politica-de-privacidade","status":"publish","type":"page","link":"https:\/\/timelesstransfers.pt\/pt\/privacy-policy\/","title":{"rendered":"Pol\u00edtica de privacidade"},"content":{"rendered":"<h1 data-section-id=\"1pnhrcw\" data-start=\"252\" data-end=\"274\"><span role=\"text\"><strong data-start=\"254\" data-end=\"272\">POL\u00cdTICA DE PRIVACIDADE<\/strong><\/span><\/h1>\n<p data-start=\"275\" data-end=\"338\"><strong data-start=\"275\" data-end=\"297\">Transfer\u00eancias intemporais<\/strong><br data-start=\"297\" data-end=\"300\" \/>S\u00edtio Web: <a class=\"decorated-link\" href=\"https:\/\/timelesstransfers.pt\/pt\/\" target=\"_new\" rel=\"noopener\" data-start=\"309\" data-end=\"338\">https:\/\/timelesstransfers.pt\/<\/a><\/p>\n<hr data-start=\"340\" data-end=\"343\" \/>\n<h2 data-section-id=\"1ke2qae\" data-start=\"345\" data-end=\"370\"><span role=\"text\"><strong data-start=\"348\" data-end=\"370\">1. Controlador de dados<\/strong><\/span><\/h2>\n<p data-start=\"372\" data-end=\"449\">Esta Pol\u00edtica de Privacidade explica como os dados pessoais s\u00e3o recolhidos e processados pela:<\/p>\n<p data-start=\"451\" data-end=\"619\"><strong data-start=\"451\" data-end=\"463\">Empresa:<\/strong> Timeless Unipessoal Lda<br data-start=\"487\" data-end=\"490\" \/><strong data-start=\"490\" data-end=\"505\">N\u00famero de IVA:<\/strong> PT515156680<br data-start=\"517\" data-end=\"520\" \/><strong data-start=\"520\" data-end=\"533\">Localiza\u00e7\u00e3o:<\/strong> Faro, Portugal<br data-start=\"548\" data-end=\"551\" \/><strong data-start=\"551\" data-end=\"561\">Telefone:<\/strong> +351 915 408 626<br data-start=\"578\" data-end=\"581\" \/><strong data-start=\"581\" data-end=\"591\">Correio eletr\u00f3nico:<\/strong> <a class=\"decorated-link cursor-pointer\" rel=\"noopener\" data-start=\"592\" data-end=\"617\">info@timelesstransfers.pt<\/a><\/p>\n<hr data-start=\"621\" data-end=\"624\" \/>\n<h2 data-section-id=\"1rhl525\" data-start=\"626\" data-end=\"660\"><span role=\"text\"><strong data-start=\"629\" data-end=\"660\">2. Dados pessoais que recolhemos<\/strong><\/span><\/h2>\n<p data-start=\"662\" data-end=\"731\">Podemos recolher e processar as seguintes categorias de dados pessoais:<\/p>\n<ul data-start=\"733\" data-end=\"1066\">\n<li data-section-id=\"ko1gk4\" data-start=\"733\" data-end=\"763\">Dados de identifica\u00e7\u00e3o (nome)<\/li>\n<li data-section-id=\"1m4ben6\" data-start=\"764\" data-end=\"813\">Dados de contacto (endere\u00e7o eletr\u00f3nico, n\u00famero de telefone)<\/li>\n<li data-section-id=\"hk4psc\" data-start=\"814\" data-end=\"885\">Detalhes da reserva (locais de recolha\/entrega, datas, detalhes do voo)<\/li>\n<li data-section-id=\"1lbofob\" data-start=\"886\" data-end=\"955\">Informa\u00e7\u00f5es relacionadas com o pagamento (processadas atrav\u00e9s de fornecedores terceiros)<\/li>\n<li data-section-id=\"pqq6ud\" data-start=\"956\" data-end=\"1021\">Dados t\u00e9cnicos (endere\u00e7o IP, tipo de navegador, informa\u00e7\u00f5es sobre o dispositivo)<\/li>\n<li data-section-id=\"1419h41\" data-start=\"1022\" data-end=\"1066\">Dados de utiliza\u00e7\u00e3o (comportamento de navega\u00e7\u00e3o no s\u00edtio Web)<\/li>\n<\/ul>\n<hr data-start=\"1068\" data-end=\"1071\" \/>\n<h2 data-section-id=\"1ry057o\" data-start=\"1073\" data-end=\"1104\"><span role=\"text\"><strong data-start=\"1076\" data-end=\"1104\">3. Objetivo do tratamento<\/strong><\/span><\/h2>\n<p data-start=\"1106\" data-end=\"1160\">Os dados pessoais s\u00e3o tratados para as seguintes finalidades:<\/p>\n<ul data-start=\"1162\" data-end=\"1411\">\n<li data-section-id=\"kt7fpt\" data-start=\"1162\" data-end=\"1196\">Para gerir e confirmar as reservas<\/li>\n<li data-section-id=\"1ox212l\" data-start=\"1197\" data-end=\"1230\">Prestar servi\u00e7os de transporte<\/li>\n<li data-section-id=\"4e7oyz\" data-start=\"1231\" data-end=\"1264\">Para comunicar com os clientes<\/li>\n<li data-section-id=\"1ni9l1j\" data-start=\"1265\" data-end=\"1320\">Emitir facturas e cumprir as obriga\u00e7\u00f5es legais<\/li>\n<li data-section-id=\"1wpu1r0\" data-start=\"1321\" data-end=\"1370\">Para melhorar a funcionalidade e os servi\u00e7os do s\u00edtio Web<\/li>\n<li data-section-id=\"1qi8w5a\" data-start=\"1371\" data-end=\"1411\">Para evitar fraudes e garantir a seguran\u00e7a<\/li>\n<\/ul>\n<hr data-start=\"1413\" data-end=\"1416\" \/>\n<h2 data-section-id=\"g1qgw6\" data-start=\"1418\" data-end=\"1454\"><span role=\"text\"><strong data-start=\"1421\" data-end=\"1454\">4. Base jur\u00eddica do tratamento<\/strong><\/span><\/h2>\n<p data-start=\"1456\" data-end=\"1490\">Processamos dados pessoais com base em:<\/p>\n<ul data-start=\"1492\" data-end=\"1753\">\n<li data-section-id=\"175qj9k\" data-start=\"1492\" data-end=\"1556\"><strong data-start=\"1494\" data-end=\"1523\">Execu\u00e7\u00e3o de um contrato<\/strong> (reserva e presta\u00e7\u00e3o de servi\u00e7os)<\/li>\n<li data-section-id=\"cn2nr4\" data-start=\"1557\" data-end=\"1616\"><strong data-start=\"1559\" data-end=\"1580\">Obriga\u00e7\u00f5es legais<\/strong> (requisitos fiscais e contabil\u00edsticos)<\/li>\n<li data-section-id=\"1i2yz34\" data-start=\"1617\" data-end=\"1685\"><strong data-start=\"1619\" data-end=\"1643\">Interesses leg\u00edtimos<\/strong> (melhoria dos servi\u00e7os, preven\u00e7\u00e3o da fraude)<\/li>\n<li data-section-id=\"5308zn\" data-start=\"1686\" data-end=\"1753\"><strong data-start=\"1688\" data-end=\"1699\">Consentimento<\/strong>, se necess\u00e1rio (cookies, comunica\u00e7\u00f5es comerciais)<\/li>\n<\/ul>\n<hr data-start=\"1755\" data-end=\"1758\" \/>\n<h2 data-section-id=\"zmuc7u\" data-start=\"1760\" data-end=\"1784\"><span role=\"text\"><strong data-start=\"1763\" data-end=\"1784\">5. Reten\u00e7\u00e3o de dados<\/strong><\/span><\/h2>\n<p data-start=\"1786\" data-end=\"1817\">Os dados pessoais ser\u00e3o conservados:<\/p>\n<ul data-start=\"1819\" data-end=\"1983\">\n<li data-section-id=\"1qrp2db\" data-start=\"1819\" data-end=\"1872\">Pelo tempo necess\u00e1rio \u00e0 presta\u00e7\u00e3o do servi\u00e7o<\/li>\n<li data-section-id=\"1l00a9l\" data-start=\"1873\" data-end=\"1929\">Para per\u00edodos legalmente exigidos (por exemplo, obriga\u00e7\u00f5es fiscais)<\/li>\n<li data-section-id=\"1lqckmh\" data-start=\"1930\" data-end=\"1983\">At\u00e9 o utilizador solicitar a elimina\u00e7\u00e3o, quando aplic\u00e1vel<\/li>\n<\/ul>\n<hr data-start=\"1985\" data-end=\"1988\" \/>\n<h2 data-section-id=\"18863dx\" data-start=\"1990\" data-end=\"2012\"><span role=\"text\"><strong data-start=\"1993\" data-end=\"2012\">6. Partilha de dados<\/strong><\/span><\/h2>\n<p data-start=\"2014\" data-end=\"2047\">Os dados pessoais podem ser partilhados com:<\/p>\n<ul data-start=\"2049\" data-end=\"2210\">\n<li data-section-id=\"enron1\" data-start=\"2049\" data-end=\"2078\">Prestadores de servi\u00e7os de pagamento<\/li>\n<li data-section-id=\"8or2lo\" data-start=\"2079\" data-end=\"2107\">Fornecedores de TI e de alojamento<\/li>\n<li data-section-id=\"y7uu6r\" data-start=\"2108\" data-end=\"2172\">Condutores ou parceiros de servi\u00e7o (estritamente para a execu\u00e7\u00e3o do servi\u00e7o)<\/li>\n<li data-section-id=\"j3j58v\" data-start=\"2173\" data-end=\"2210\">Autoridades, quando exigido por lei<\/li>\n<\/ul>\n<p data-start=\"2212\" data-end=\"2270\">N\u00f3s temos <strong data-start=\"2218\" data-end=\"2252\">n\u00e3o vender ou alugar dados pessoais<\/strong> a terceiros.<\/p>\n<hr data-start=\"2272\" data-end=\"2275\" \/>\n<h2 data-section-id=\"116bbla\" data-start=\"2277\" data-end=\"2315\"><span role=\"text\"><strong data-start=\"2280\" data-end=\"2315\">7. Transfer\u00eancias internacionais de dados<\/strong><\/span><\/h2>\n<p data-start=\"2317\" data-end=\"2433\">Quando os dados forem transferidos para fora do Espa\u00e7o Econ\u00f3mico Europeu (EEE), ser\u00e3o aplicadas as salvaguardas adequadas, tais como:<\/p>\n<ul data-start=\"2435\" data-end=\"2533\">\n<li data-section-id=\"3mfs06\" data-start=\"2435\" data-end=\"2474\">Cl\u00e1usulas contratuais-tipo (CCP)<\/li>\n<li data-section-id=\"uf772t\" data-start=\"2475\" data-end=\"2533\">Transfer\u00eancias para pa\u00edses com n\u00edveis de prote\u00e7\u00e3o adequados<\/li>\n<\/ul>\n<hr data-start=\"2535\" data-end=\"2538\" \/>\n<h2 data-section-id=\"1d8n2wc\" data-start=\"2540\" data-end=\"2569\"><span role=\"text\"><strong data-start=\"2543\" data-end=\"2569\">8. Direitos das pessoas em causa<\/strong><\/span><\/h2>\n<p data-start=\"2571\" data-end=\"2648\">Nos termos do Regulamento Geral sobre a Prote\u00e7\u00e3o de Dados (RGPD), os utilizadores t\u00eam o direito de:<\/p>\n<ul data-start=\"2650\" data-end=\"2825\">\n<li data-section-id=\"5tqbq\" data-start=\"2650\" data-end=\"2680\">Aceder aos seus dados pessoais<\/li>\n<li data-section-id=\"1tzo53z\" data-start=\"2681\" data-end=\"2708\">Retificar dados incorrectos<\/li>\n<li data-section-id=\"qkdk2x\" data-start=\"2709\" data-end=\"2755\">Solicitar a elimina\u00e7\u00e3o (\u201cdireito a ser esquecido\u201d)<\/li>\n<li data-section-id=\"1dq4msf\" data-start=\"2756\" data-end=\"2779\">Restringir o processamento<\/li>\n<li data-section-id=\"1h52t71\" data-start=\"2780\" data-end=\"2804\">Obje\u00e7\u00e3o ao tratamento<\/li>\n<li data-section-id=\"13jg4df\" data-start=\"2805\" data-end=\"2825\">Portabilidade dos dados<\/li>\n<\/ul>\n<p data-start=\"2827\" data-end=\"2893\">Para exercer estes direitos, contactar:<br data-start=\"2861\" data-end=\"2864\" \/><strong data-start=\"2864\" data-end=\"2893\"><a class=\"decorated-link cursor-pointer\" rel=\"noopener\" data-start=\"2866\" data-end=\"2891\">info@timelesstransfers.pt<\/a><\/strong><\/p>\n<hr data-start=\"2895\" data-end=\"2898\" \/>\n<h2 data-section-id=\"12mt2vj\" data-start=\"2900\" data-end=\"2927\"><span role=\"text\"><strong data-start=\"2903\" data-end=\"2927\">9. Medidas de seguran\u00e7a<\/strong><\/span><\/h2>\n<p data-start=\"2929\" data-end=\"3028\">Implementamos medidas t\u00e9cnicas e organizacionais adequadas para proteger os dados pessoais, incluindo:<\/p>\n<ul data-start=\"3030\" data-end=\"3113\">\n<li data-section-id=\"1icdqnd\" data-start=\"3030\" data-end=\"3048\">Servidores seguros<\/li>\n<li data-section-id=\"1n136ls\" data-start=\"3049\" data-end=\"3083\">Comunica\u00e7\u00f5es encriptadas (SSL)<\/li>\n<li data-section-id=\"8z47ne\" data-start=\"3084\" data-end=\"3113\">Acesso restrito aos dados<\/li>\n<\/ul>\n<hr data-start=\"3115\" data-end=\"3118\" \/>\n<h2 data-section-id=\"py0yt5\" data-start=\"3120\" data-end=\"3164\"><span role=\"text\"><strong data-start=\"3123\" data-end=\"3164\">10. Cookies e tecnologias de rastreio<\/strong><\/span><\/h2>\n<p data-start=\"3166\" data-end=\"3184\">Utilizamos cookies para:<\/p>\n<ul data-start=\"3186\" data-end=\"3276\">\n<li data-section-id=\"1kysz8i\" data-start=\"3186\" data-end=\"3218\">Garantir a funcionalidade do s\u00edtio Web<\/li>\n<li data-section-id=\"1e2q7yn\" data-start=\"3219\" data-end=\"3248\">Analisar o tr\u00e1fego e a utiliza\u00e7\u00e3o<\/li>\n<li data-section-id=\"114esbh\" data-start=\"3249\" data-end=\"3276\">Melhorar a experi\u00eancia do utilizador<\/li>\n<\/ul>\n<p data-start=\"3278\" data-end=\"3338\">Para mais informa\u00e7\u00f5es, consulte o nosso <strong data-start=\"3320\" data-end=\"3337\">Pol\u00edtica de cookies<\/strong>.<\/p>\n<hr data-start=\"3340\" data-end=\"3343\" \/>\n<h2 data-section-id=\"1gngo7w\" data-start=\"3345\" data-end=\"3380\"><span role=\"text\"><strong data-start=\"3348\" data-end=\"3380\">11. Comunica\u00e7\u00f5es de marketing<\/strong><\/span><\/h2>\n<p data-start=\"3382\" data-end=\"3470\">Se for caso disso, as comunica\u00e7\u00f5es comerciais s\u00f3 ser\u00e3o enviadas com o consentimento pr\u00e9vio do utilizador.<\/p>\n<p data-start=\"3472\" data-end=\"3511\">Os utilizadores podem retirar o consentimento em qualquer altura.<\/p>\n<hr data-start=\"3513\" data-end=\"3516\" \/>\n<h2 data-section-id=\"120k0qu\" data-start=\"3518\" data-end=\"3549\"><span role=\"text\"><strong data-start=\"3521\" data-end=\"3549\">12. Servi\u00e7os de terceiros<\/strong><\/span><\/h2>\n<p data-start=\"3551\" data-end=\"3600\">O nosso s\u00edtio Web pode utilizar servi\u00e7os de terceiros, tais como:<\/p>\n<ul data-start=\"3602\" data-end=\"3661\">\n<li data-section-id=\"1li1d1z\" data-start=\"3602\" data-end=\"3622\">Google Analytics<\/li>\n<li data-section-id=\"aygsju\" data-start=\"3623\" data-end=\"3640\">Ferramentas de reserva<\/li>\n<li data-section-id=\"1h9wlo9\" data-start=\"3641\" data-end=\"3661\">Gateways de pagamento<\/li>\n<\/ul>\n<p data-start=\"3663\" data-end=\"3736\">Estes fornecedores podem tratar os dados de acordo com as suas pr\u00f3prias pol\u00edticas de privacidade.<\/p>\n<hr data-start=\"3738\" data-end=\"3741\" \/>\n<h2 data-section-id=\"1a8fo2d\" data-start=\"3743\" data-end=\"3764\"><span role=\"text\"><strong data-start=\"3746\" data-end=\"3764\">13. Queixas<\/strong><\/span><\/h2>\n<p data-start=\"3766\" data-end=\"3837\">Os utilizadores t\u00eam o direito de apresentar uma queixa a uma autoridade de controlo.<\/p>\n<p data-start=\"3839\" data-end=\"3927\">Em Portugal:<br data-start=\"3851\" data-end=\"3854\" \/><strong data-start=\"3854\" data-end=\"3903\">CNPD - Comiss\u00e3o Nacional de Prote\u00e7\u00e3o de Dados<\/strong><br data-start=\"3903\" data-end=\"3906\" \/><a class=\"decorated-link\" href=\"https:\/\/www.cnpd.pt\" target=\"_new\" rel=\"noopener\" data-start=\"3906\" data-end=\"3925\">https:\/\/www.cnpd.pt<\/a><\/p>\n<hr data-start=\"3929\" data-end=\"3932\" \/>\n<h2 data-section-id=\"1jeozl2\" data-start=\"3934\" data-end=\"3967\"><span role=\"text\"><strong data-start=\"3937\" data-end=\"3967\">14. Altera\u00e7\u00f5es \u00e0 presente pol\u00edtica<\/strong><\/span><\/h2>\n<p data-start=\"3969\" data-end=\"4074\">Reservamo-nos o direito de atualizar esta Pol\u00edtica de Privacidade em qualquer altura.<br data-start=\"4032\" data-end=\"4035\" \/>As altera\u00e7\u00f5es ser\u00e3o publicadas nesta p\u00e1gina.<\/p>\n<hr data-start=\"4076\" data-end=\"4079\" \/>\n<h2 data-section-id=\"2hb94f\" data-start=\"4081\" data-end=\"4099\"><span role=\"text\"><strong data-start=\"4084\" data-end=\"4099\">15. Contacto<\/strong><\/span><\/h2>\n<p data-start=\"4101\" data-end=\"4149\">Para quaisquer quest\u00f5es relacionadas com esta Pol\u00edtica de Privacidade:<\/p>\n<p data-start=\"4151\" data-end=\"4215\">Correio eletr\u00f3nico: <strong data-start=\"4158\" data-end=\"4187\"><a class=\"decorated-link cursor-pointer\" rel=\"noopener\" data-start=\"4160\" data-end=\"4185\">info@timelesstransfers.pt<\/a><\/strong><br data-start=\"4187\" data-end=\"4190\" \/>Telefone: +351 915 408 626<\/p>","protected":false},"excerpt":{"rendered":"<p>PRIVACY POLICY Timeless TransfersWebsite: https:\/\/timelesstransfers.pt\/ 1. Data Controller This Privacy Policy explains how personal data is collected and processed by: Company: Timeless Unipessoal LdaVAT Number: PT515156680Location: Faro, PortugalPhone: +351 915 408 626Email: info@timelesstransfers.pt 2. Personal Data We Collect We may collect and process the following categories of personal data: Identification data (name) Contact details (email [&#8230;]<\/p>\n","protected":false},"author":1,"featured_media":0,"parent":0,"menu_order":0,"comment_status":"closed","ping_status":"closed","template":"","meta":{"_acf_changed":false,"footnotes":""},"class_list":["post-3","page","type-page","status-publish","hentry"],"acf":[],"_links":{"self":[{"href":"https:\/\/timelesstransfers.pt\/pt\/wp-json\/wp\/v2\/pages\/3","targetHints":{"allow":["GET"]}}],"collection":[{"href":"https:\/\/timelesstransfers.pt\/pt\/wp-json\/wp\/v2\/pages"}],"about":[{"href":"https:\/\/timelesstransfers.pt\/pt\/wp-json\/wp\/v2\/types\/page"}],"author":[{"embeddable":true,"href":"https:\/\/timelesstransfers.pt\/pt\/wp-json\/wp\/v2\/users\/1"}],"replies":[{"embeddable":true,"href":"https:\/\/timelesstransfers.pt\/pt\/wp-json\/wp\/v2\/comments?post=3"}],"version-history":[{"count":7,"href":"https:\/\/timelesstransfers.pt\/pt\/wp-json\/wp\/v2\/pages\/3\/revisions"}],"predecessor-version":[{"id":24860,"href":"https:\/\/timelesstransfers.pt\/pt\/wp-json\/wp\/v2\/pages\/3\/revisions\/24860"}],"wp:attachment":[{"href":"https:\/\/timelesstransfers.pt\/pt\/wp-json\/wp\/v2\/media?parent=3"}],"curies":[{"name":"wp","href":"https:\/\/api.w.org\/{rel}","templated":true}]}}