{"id":24830,"date":"2026-04-23T11:35:10","date_gmt":"2026-04-23T10:35:10","guid":{"rendered":"https:\/\/timelesstransfers.pt\/?page_id=24830"},"modified":"2026-04-23T20:21:10","modified_gmt":"2026-04-23T19:21:10","slug":"cookie-policy","status":"publish","type":"page","link":"https:\/\/timelesstransfers.pt\/pt\/cookie-policy\/","title":{"rendered":"Pol\u00edtica de cookies"},"content":{"rendered":"<h1 data-section-id=\"45zm0y\" data-start=\"257\" data-end=\"278\"><span role=\"text\"><strong data-start=\"259\" data-end=\"276\">COOKIE POLICY<\/strong><\/span><\/h1>\n<p data-start=\"279\" data-end=\"342\"><strong data-start=\"279\" data-end=\"301\">Transfer\u00eancias intemporais<\/strong><br data-start=\"301\" data-end=\"304\" \/>S\u00edtio Web: <a class=\"decorated-link\" href=\"https:\/\/timelesstransfers.pt\/pt\/\" target=\"_new\" rel=\"noopener\" data-start=\"313\" data-end=\"342\">https:\/\/timelesstransfers.pt\/<\/a><\/p>\n<hr data-start=\"344\" data-end=\"347\" \/>\n<h2 data-section-id=\"vflf2y\" data-start=\"349\" data-end=\"371\"><span role=\"text\"><strong data-start=\"352\" data-end=\"371\">1. Introduction<\/strong><\/span><\/h2>\n<p data-start=\"373\" data-end=\"489\">This Cookie Policy explains how Timeless Transfers uses cookies and similar technologies when you visit our website.<\/p>\n<p data-start=\"491\" data-end=\"613\">By using our website, you agree to the use of cookies in accordance with this policy, except where you have disabled them.<\/p>\n<hr data-start=\"615\" data-end=\"618\" \/>\n<h2 data-section-id=\"xp9kky\" data-start=\"620\" data-end=\"646\"><span role=\"text\"><strong data-start=\"623\" data-end=\"646\">2. What Are Cookies<\/strong><\/span><\/h2>\n<p data-start=\"648\" data-end=\"755\">Cookies are small text files stored on your device (computer, tablet, smartphone) when you visit a website.<\/p>\n<p data-start=\"757\" data-end=\"781\">They are widely used to:<\/p>\n<ul data-start=\"782\" data-end=\"919\">\n<li data-section-id=\"wncs20\" data-start=\"782\" data-end=\"821\">Ensure proper website functionality<\/li>\n<li data-section-id=\"114esbh\" data-start=\"822\" data-end=\"849\">Melhorar a experi\u00eancia do utilizador<\/li>\n<li data-section-id=\"qoszmu\" data-start=\"850\" data-end=\"881\">Provide analytical insights<\/li>\n<li data-section-id=\"10niq6a\" data-start=\"882\" data-end=\"919\">Support marketing and advertising<\/li>\n<\/ul>\n<hr data-start=\"921\" data-end=\"924\" \/>\n<h2 data-section-id=\"rg6eak\" data-start=\"926\" data-end=\"959\"><span role=\"text\"><strong data-start=\"929\" data-end=\"959\">3. Types of Cookies We Use<\/strong><\/span><\/h2>\n<h3 data-section-id=\"14p6kro\" data-start=\"961\" data-end=\"999\"><span role=\"text\"><strong data-start=\"965\" data-end=\"999\">3.1 Strictly Necessary Cookies<\/strong><\/span><\/h3>\n<p data-start=\"1000\" data-end=\"1084\">These cookies are essential for the operation of the website and cannot be disabled.<\/p>\n<p data-start=\"1086\" data-end=\"1104\">They are used for:<\/p>\n<ul data-start=\"1105\" data-end=\"1187\">\n<li data-section-id=\"1254fpe\" data-start=\"1105\" data-end=\"1119\">Navigation<\/li>\n<li data-section-id=\"jv4jpd\" data-start=\"1120\" data-end=\"1153\">Booking process functionality<\/li>\n<li data-section-id=\"1gzwgrb\" data-start=\"1154\" data-end=\"1187\">Security and fraud prevention<\/li>\n<\/ul>\n<hr data-start=\"1189\" data-end=\"1192\" \/>\n<h3 data-section-id=\"d7hsnl\" data-start=\"1194\" data-end=\"1224\"><span role=\"text\"><strong data-start=\"1198\" data-end=\"1224\">3.2 Functional Cookies<\/strong><\/span><\/h3>\n<p data-start=\"1225\" data-end=\"1294\">These cookies allow the website to remember user preferences such as:<\/p>\n<ul data-start=\"1295\" data-end=\"1332\">\n<li data-section-id=\"44xui\" data-start=\"1295\" data-end=\"1307\">Language<\/li>\n<li data-section-id=\"nj2lcg\" data-start=\"1308\" data-end=\"1318\">Region<\/li>\n<li data-section-id=\"kcrgfi\" data-start=\"1319\" data-end=\"1332\">Form data<\/li>\n<\/ul>\n<hr data-start=\"1334\" data-end=\"1337\" \/>\n<h3 data-section-id=\"7e3jh3\" data-start=\"1339\" data-end=\"1369\"><span role=\"text\"><strong data-start=\"1343\" data-end=\"1369\">3.3 Analytical Cookies<\/strong><\/span><\/h3>\n<p data-start=\"1370\" data-end=\"1478\">These cookies help us understand how visitors interact with the website by collecting anonymous information.<\/p>\n<p data-start=\"1480\" data-end=\"1488\">Example:<\/p>\n<ul data-start=\"1489\" data-end=\"1509\">\n<li data-section-id=\"1li1d1z\" data-start=\"1489\" data-end=\"1509\">Google Analytics<\/li>\n<\/ul>\n<p data-start=\"1511\" data-end=\"1538\">Data collected may include:<\/p>\n<ul data-start=\"1539\" data-end=\"1599\">\n<li data-section-id=\"2bzgew\" data-start=\"1539\" data-end=\"1556\">Pages visited<\/li>\n<li data-section-id=\"1fyl18r\" data-start=\"1557\" data-end=\"1579\">Time spent on site<\/li>\n<li data-section-id=\"14p32h7\" data-start=\"1580\" data-end=\"1599\">Traffic sources<\/li>\n<\/ul>\n<hr data-start=\"1601\" data-end=\"1604\" \/>\n<h3 data-section-id=\"q2hljs\" data-start=\"1606\" data-end=\"1648\"><span role=\"text\"><strong data-start=\"1610\" data-end=\"1648\">3.4 Marketing and Tracking Cookies<\/strong><\/span><\/h3>\n<p data-start=\"1649\" data-end=\"1675\">These cookies are used to:<\/p>\n<ul data-start=\"1676\" data-end=\"1741\">\n<li data-section-id=\"sxeiz8\" data-start=\"1676\" data-end=\"1708\">Deliver relevant advertising<\/li>\n<li data-section-id=\"1vae1h2\" data-start=\"1709\" data-end=\"1741\">Measure campaign performance<\/li>\n<\/ul>\n<p data-start=\"1743\" data-end=\"1784\">They may be set by third-party providers.<\/p>\n<hr data-start=\"1786\" data-end=\"1789\" \/>\n<h2 data-section-id=\"1nxpx3w\" data-start=\"1791\" data-end=\"1830\"><span role=\"text\"><strong data-start=\"1794\" data-end=\"1830\">4. Legal Basis for Using Cookies<\/strong><\/span><\/h2>\n<p data-start=\"1832\" data-end=\"1884\">Under applicable laws (ePrivacy Directive and GDPR):<\/p>\n<ul data-start=\"1886\" data-end=\"1994\">\n<li data-section-id=\"vdq2e3\" data-start=\"1886\" data-end=\"1943\"><strong data-start=\"1888\" data-end=\"1918\">Strictly necessary cookies<\/strong> do not require consent<\/li>\n<li data-section-id=\"1t6ffz2\" data-start=\"1944\" data-end=\"1994\"><strong data-start=\"1946\" data-end=\"1994\">All other cookies require prior user consent<\/strong><\/li>\n<\/ul>\n<hr data-start=\"1996\" data-end=\"1999\" \/>\n<h2 data-section-id=\"10d6fgj\" data-start=\"2001\" data-end=\"2029\"><span role=\"text\"><strong data-start=\"2004\" data-end=\"2029\">5. Consent Management<\/strong><\/span><\/h2>\n<p data-start=\"2031\" data-end=\"2135\">When visiting our website for the first time, users are presented with a cookie banner allowing them to:<\/p>\n<ul data-start=\"2137\" data-end=\"2225\">\n<li data-section-id=\"wpphoe\" data-start=\"2137\" data-end=\"2159\">Accept all cookies<\/li>\n<li data-section-id=\"1rd83ak\" data-start=\"2160\" data-end=\"2192\">Reject non-essential cookies<\/li>\n<li data-section-id=\"1nczt0h\" data-start=\"2193\" data-end=\"2225\">Customize cookie preferences<\/li>\n<\/ul>\n<p data-start=\"2227\" data-end=\"2304\">Users can change or withdraw consent at any time through the cookie settings.<\/p>\n<hr data-start=\"2306\" data-end=\"2309\" \/>\n<h2 data-section-id=\"1d5onqi\" data-start=\"2311\" data-end=\"2340\"><span role=\"text\"><strong data-start=\"2314\" data-end=\"2340\">6. Third-Party Cookies<\/strong><\/span><\/h2>\n<p data-start=\"2342\" data-end=\"2417\">We may use third-party services that set cookies on our website, including:<\/p>\n<ul data-start=\"2419\" data-end=\"2481\">\n<li data-section-id=\"1li1d1z\" data-start=\"2419\" data-end=\"2439\">Google Analytics<\/li>\n<li data-section-id=\"o81qgn\" data-start=\"2440\" data-end=\"2459\">Booking systems<\/li>\n<li data-section-id=\"1lb3c9s\" data-start=\"2460\" data-end=\"2481\">Payment providers<\/li>\n<\/ul>\n<p data-start=\"2483\" data-end=\"2560\">These third parties may process data according to their own privacy policies.<\/p>\n<hr data-start=\"2562\" data-end=\"2565\" \/>\n<h2 data-section-id=\"okils6\" data-start=\"2567\" data-end=\"2592\"><span role=\"text\"><strong data-start=\"2570\" data-end=\"2592\">7. Cookie Duration<\/strong><\/span><\/h2>\n<p data-start=\"2594\" data-end=\"2609\">Cookies may be:<\/p>\n<ul data-start=\"2611\" data-end=\"2745\">\n<li data-section-id=\"vkh2es\" data-start=\"2611\" data-end=\"2671\"><strong data-start=\"2613\" data-end=\"2632\">Session cookies<\/strong> (deleted when the browser is closed)<\/li>\n<li data-section-id=\"q8p5as\" data-start=\"2672\" data-end=\"2745\"><strong data-start=\"2674\" data-end=\"2696\">Persistent cookies<\/strong> (stored for a defined period or until deleted)<\/li>\n<\/ul>\n<p data-start=\"2747\" data-end=\"2794\">Retention periods depend on the type of cookie.<\/p>\n<hr data-start=\"2796\" data-end=\"2799\" \/>\n<h2 data-section-id=\"zfkwe8\" data-start=\"2801\" data-end=\"2827\"><span role=\"text\"><strong data-start=\"2804\" data-end=\"2827\">8. Managing Cookies<\/strong><\/span><\/h2>\n<p data-start=\"2829\" data-end=\"2862\">Users can manage cookies through:<\/p>\n<h3 data-section-id=\"10v9g5x\" data-start=\"2864\" data-end=\"2885\">Browser settings:<\/h3>\n<ul data-start=\"2886\" data-end=\"2939\">\n<li data-section-id=\"1bkjbea\" data-start=\"2886\" data-end=\"2913\">Block or delete cookies<\/li>\n<li data-section-id=\"q2o2bs\" data-start=\"2914\" data-end=\"2939\">Configure preferences<\/li>\n<\/ul>\n<p data-start=\"2941\" data-end=\"2998\">Note: Disabling cookies may affect website functionality.<\/p>\n<hr data-start=\"3000\" data-end=\"3003\" \/>\n<h2 data-section-id=\"vshyn5\" data-start=\"3005\" data-end=\"3030\"><span role=\"text\"><strong data-start=\"3008\" data-end=\"3030\">9. Data Protection<\/strong><\/span><\/h2>\n<p data-start=\"3032\" data-end=\"3096\">Information collected through cookies may include personal data.<\/p>\n<p data-start=\"3098\" data-end=\"3199\">Such data is processed in accordance with our <strong data-start=\"3144\" data-end=\"3162\">Pol\u00edtica de privacidade<\/strong> and applicable data protection laws.<\/p>\n<hr data-start=\"3201\" data-end=\"3204\" \/>\n<h2 data-section-id=\"1pwxph1\" data-start=\"3206\" data-end=\"3239\"><span role=\"text\"><strong data-start=\"3209\" data-end=\"3239\">10. Updates to This Policy<\/strong><\/span><\/h2>\n<p data-start=\"3241\" data-end=\"3286\">We may update this Cookie Policy at any time.<\/p>\n<p data-start=\"3288\" data-end=\"3327\">As altera\u00e7\u00f5es ser\u00e3o publicadas nesta p\u00e1gina.<\/p>\n<hr data-start=\"3329\" data-end=\"3332\" \/>\n<h2 data-section-id=\"1chh6cr\" data-start=\"3334\" data-end=\"3352\"><span role=\"text\"><strong data-start=\"3337\" data-end=\"3352\">11. Contact<\/strong><\/span><\/h2>\n<p data-start=\"3354\" data-end=\"3401\">For any questions regarding this Cookie Policy:<\/p>\n<p data-start=\"3403\" data-end=\"3467\">Correio eletr\u00f3nico: <strong data-start=\"3410\" data-end=\"3439\"><a class=\"decorated-link cursor-pointer\" rel=\"noopener\" data-start=\"3412\" data-end=\"3437\">info@timelesstransfers.pt<\/a><\/strong><br data-start=\"3439\" data-end=\"3442\" \/>Telefone: +351 915 408 626<\/p>","protected":false},"excerpt":{"rendered":"<p>COOKIE POLICY Timeless TransfersWebsite: https:\/\/timelesstransfers.pt\/ 1. Introduction This Cookie Policy explains how Timeless Transfers uses cookies and similar technologies when you visit our website. By using our website, you agree to the use of cookies in accordance with this policy, except where you have disabled them. 2. What Are Cookies Cookies are small text files [&#8230;]<\/p>\n","protected":false},"author":1,"featured_media":0,"parent":0,"menu_order":0,"comment_status":"closed","ping_status":"closed","template":"","meta":{"_acf_changed":false,"footnotes":""},"class_list":["post-24830","page","type-page","status-publish","hentry"],"acf":[],"_links":{"self":[{"href":"https:\/\/timelesstransfers.pt\/pt\/wp-json\/wp\/v2\/pages\/24830","targetHints":{"allow":["GET"]}}],"collection":[{"href":"https:\/\/timelesstransfers.pt\/pt\/wp-json\/wp\/v2\/pages"}],"about":[{"href":"https:\/\/timelesstransfers.pt\/pt\/wp-json\/wp\/v2\/types\/page"}],"author":[{"embeddable":true,"href":"https:\/\/timelesstransfers.pt\/pt\/wp-json\/wp\/v2\/users\/1"}],"replies":[{"embeddable":true,"href":"https:\/\/timelesstransfers.pt\/pt\/wp-json\/wp\/v2\/comments?post=24830"}],"version-history":[{"count":2,"href":"https:\/\/timelesstransfers.pt\/pt\/wp-json\/wp\/v2\/pages\/24830\/revisions"}],"predecessor-version":[{"id":24861,"href":"https:\/\/timelesstransfers.pt\/pt\/wp-json\/wp\/v2\/pages\/24830\/revisions\/24861"}],"wp:attachment":[{"href":"https:\/\/timelesstransfers.pt\/pt\/wp-json\/wp\/v2\/media?parent=24830"}],"curies":[{"name":"wp","href":"https:\/\/api.w.org\/{rel}","templated":true}]}}