{"id":17,"date":"2019-04-05T09:24:11","date_gmt":"2019-04-05T09:24:11","guid":{"rendered":"http:\/\/quanticalabs.com\/wp_themes4\/autoride\/?page_id=17"},"modified":"2026-03-20T17:28:42","modified_gmt":"2026-03-20T17:28:42","slug":"sobre-nos","status":"publish","type":"page","link":"https:\/\/timelesstransfers.pt\/pt\/about-us\/","title":{"rendered":"Sobre n\u00f3s"},"content":{"rendered":"<div class=\"wpb-content-wrapper\"><div class=\"vc_row wpb_row vc_row-fluid theme-margin-bottom-50\"><div class=\"wpb_column vc_column_container vc_col-sm-6\"><div class=\"vc_column-inner\"><div class=\"wpb_wrapper\">\r\n            <p class=\"theme-component-paragraph-large theme-component-paragraph-large-style-1 alignleft\">\r\n                Na Timeless Transfers, acreditamos que cada viagem deve ser mais do que um simples transporte - deve ser uma experi\u00eancia confort\u00e1vel, elegante e sem stress.<br \/>\nCom sede em Faro, Portugal, a nossa empresa \u00e9 especializada em transfers privados no Algarve, Lisboa e outros destinos importantes, oferecendo um servi\u00e7o de primeira classe tanto para viajantes em lazer como para empresas.<\/p>\n<p>Com uma equipa dedicada de motoristas profissionais, garantimos que cada cliente usufrui de um servi\u00e7o personalizado, pontual e sem problemas. Quer necessite de um transfer do aeroporto de Faro, transporte executivo para uma reuni\u00e3o de neg\u00f3cios, ou uma excurs\u00e3o privada para explorar a beleza do Algarve, a Timeless Transfers \u00e9 o seu parceiro de confian\u00e7a na estrada.\r\n            <\/p>\r\n        <\/div><\/div><\/div><div class=\"wpb_column vc_column_container vc_col-sm-6\"><div class=\"vc_column-inner\"><div class=\"wpb_wrapper\">\n\t<div class=\"wpb_text_column wpb_content_element\" >\n\t\t<div class=\"wpb_wrapper\">\n\t\t\t<p data-start=\"1108\" data-end=\"1360\">O nosso <strong data-start=\"1112\" data-end=\"1128\">frota moderna<\/strong> inclui ve\u00edculos de primeira qualidade equipados com as mais recentes carater\u00edsticas de seguran\u00e7a e conforto, mantidos de acordo com os mais elevados padr\u00f5es. Cada viagem \u00e9 cuidadosamente planeada para garantir a sua privacidade, seguran\u00e7a e comodidade - sempre que viaja connosco.<\/p>\n<p data-start=\"1362\" data-end=\"1538\">Orgulhamo-nos de combinar <strong data-start=\"1389\" data-end=\"1438\">experi\u00eancia local com padr\u00f5es de qualidade globais<\/strong>, A nossa empresa \u00e9 uma empresa de confian\u00e7a, que oferece fiabilidade e excel\u00eancia desde o momento da reserva at\u00e9 \u00e0 chegada ao seu destino.<\/p>\n<p data-start=\"1540\" data-end=\"1652\">Em <strong data-start=\"1543\" data-end=\"1565\">Transfer\u00eancias intemporais<\/strong>, A nossa miss\u00e3o \u00e9 simples:<br data-start=\"1589\" data-end=\"1592\" \/>para fazer a sua viagem <strong data-start=\"1613\" data-end=\"1649\">oportuno, seguro e verdadeiramente intemporal<\/strong>.<\/p>\n\n\t\t<\/div>\n\t<\/div>\n<\/div><\/div><\/div><\/div><div data-vc-full-width=\"true\" data-vc-full-width-temp=\"true\" data-vc-full-width-init=\"false\" class=\"vc_row wpb_row vc_row-fluid theme-background-color-7 theme-padding-top-100 theme-padding-bottom-20\"><div class=\"wpb_column vc_column_container vc_col-sm-12\"><div class=\"vc_column-inner\"><div class=\"wpb_wrapper\">\r\n            <div class=\"theme-component-header-subheader aligncenter\">\r\n                <div class=\"theme-component-header-subheader-subheader\">EMPENHAMENTO NO TRABALHO<\/div>\r\n                <h2 class=\"theme-component-header-subheader-header\">As nossas compet\u00eancias<\/h2>\r\n            <\/div>\r\n        \n            <div class=\"theme-component-feature-image-list\">\n                <div class=\"vc_row wpb_row vc_inner vc_row-fluid\"><div class=\"wpb_column vc_column_container vc_col-sm-6\"><div class=\"vc_column-inner\"><div class=\"wpb_wrapper\">\r\n            <div class=\"theme-component-feature-image-list-item\">\r\n                <div class=\"theme-component-feature-image-list-item-image\">\r\n                    <img decoding=\"async\" src=\"https:\/\/timelesstransfers.pt\/wp-content\/uploads\/2025\/12\/about.jpeg\" alt=\"Image\" title=\"\">\r\n                    <span><span class=\"theme-icon-feature-city-2\"><\/span><\/span>\r\n                    <div><\/div>\r\n                <\/div>\r\n                <div class=\"theme-component-feature-image-list-item-content\"><h4>PROFISSIONALISMO<\/h4><p>A nossa equipa experiente e os nossos motoristas altamente treinados dedicam-se a oferecer um transporte seguro, pontual e confort\u00e1vel em todos os momentos. Orgulhamo-nos de fornecer um servi\u00e7o excecional ao cliente e uma comunica\u00e7\u00e3o clara antes, durante e depois de cada viagem. Cada viagem \u00e9 coordenada pela nossa equipa de expedi\u00e7\u00e3o interna, garantindo efici\u00eancia, discri\u00e7\u00e3o e paz de esp\u00edrito do in\u00edcio ao fim.<\/p><\/div>\r\n            <\/div>\r\n        <\/div><\/div><\/div><div class=\"wpb_column vc_column_container vc_col-sm-6\"><div class=\"vc_column-inner\"><div class=\"wpb_wrapper\">\r\n            <div class=\"theme-component-feature-image-list-item\">\r\n                <div class=\"theme-component-feature-image-list-item-image\">\r\n                    <img decoding=\"async\" src=\"https:\/\/timelesstransfers.pt\/wp-content\/uploads\/2025\/12\/about3.jpeg\" alt=\"Image\" title=\"\">\r\n                    <span><span class=\"theme-icon-feature-compass\"><\/span><\/span>\r\n                    <div><\/div>\r\n                <\/div>\r\n                <div class=\"theme-component-feature-image-list-item-content\"><h4>COMPROMISSO<\/h4><p>Estamos dispon\u00edveis 24 horas por dia, 7 dias por semana, prontos para satisfazer qualquer pedido de viagem, desde transferes do aeroporto e viagens de neg\u00f3cios a excurs\u00f5es privadas e eventos especiais. Qualquer que seja a ocasi\u00e3o, garantimos uma experi\u00eancia impec\u00e1vel com um toque pessoal. Quer esteja a viajar em neg\u00f3cios ou em lazer, no Algarve ou em Portugal, a Timeless Transfers est\u00e1 sempre dispon\u00edvel para si.<\/p><\/div>\r\n            <\/div>\r\n        <\/div><\/div><\/div><\/div>\n            <\/div>\n        <\/div><\/div><\/div><\/div><div class=\"vc_row-full-width vc_clearfix\"><\/div><div data-vc-full-width=\"true\" data-vc-full-width-temp=\"true\" data-vc-full-width-init=\"false\" class=\"vc_row wpb_row vc_row-fluid theme-section-background-image-fixed vc_custom_1767005122582 vc_row-has-fill\"><div class=\"theme-column-style-2 theme-padding-bottom-60 wpb_column vc_column_container vc_col-sm-12\"><div class=\"vc_column-inner\"><div class=\"wpb_wrapper\">\n            <div class=\"theme-component-call-to-action theme-component-call-to-action-style-1 aligncenter\">\n                <div class=\"theme-component-call-to-action-box\">\n                    <span class=\"theme-icon-feature-lighthouse theme-component-call-to-action-icon\"><span><\/span><\/span>\n                    <h4 class=\"theme-component-call-to-action-header\">A SUA PR\u00d3XIMA VIAGEM CONNOSCO?<\/h4>\n                    <p class=\"theme-component-call-to-action-subheader\">Utilize a nossa ferramenta de or\u00e7amento online para calcular o custo total da sua viagem em apenas alguns cliques.<br \/>\nR\u00e1pido, transparente e personalizado, planeie a sua pr\u00f3xima transfer\u00eancia com confian\u00e7a.<\/p>\n                    \r\n            <div class=\"theme-component-button theme-component-button-style-2 alignleft theme-component-call-to-action-button\">\r\n                <a href=\"https:\/\/timelesstransfers.pt\/pt\/reserva\/\" target=\"_self\">\r\n                    Calcular agora\r\n                <\/a>\r\n            <\/div>\r\n        \n                <\/div>\n            <\/div>\n        <\/div><\/div><\/div><\/div><div class=\"vc_row-full-width vc_clearfix\"><\/div><div class=\"vc_row wpb_row vc_row-fluid theme-column-style-2 theme-padding-bottom-60\"><div class=\"wpb_column vc_column_container vc_col-sm-6\"><div class=\"vc_column-inner\"><div class=\"wpb_wrapper\"><h3 style=\"text-align: left\" class=\"vc_custom_heading vc_do_custom_heading\" >As nossas compet\u00eancias<\/h3>\n\t<div class=\"wpb_text_column wpb_content_element\" >\n\t\t<div class=\"wpb_wrapper\">\n\t\t\t<p data-start=\"354\" data-end=\"654\">Em <strong data-start=\"357\" data-end=\"379\">Transfer\u00eancias intemporais<\/strong>, A excel\u00eancia n\u00e3o \u00e9 um ato - \u00e9 o nosso padr\u00e3o.<br data-start=\"426\" data-end=\"429\" \/>Combinamos profissionalismo, fiabilidade e experi\u00eancia local para proporcionar uma experi\u00eancia de transfer\u00eancia de excel\u00eancia a cada cliente.<br data-start=\"548\" data-end=\"551\" \/>A nossa miss\u00e3o \u00e9 fazer com que a sua viagem seja tranquila, segura e perfeitamente programada, seja qual for o seu destino.<\/p>\n\n\t\t<\/div>\n\t<\/div>\n<h4 style=\"text-align: left\" class=\"vc_custom_heading vc_do_custom_heading theme-margin-top-50 theme-margin-bottom-30\" >Porqu\u00ea escolher-nos<\/h4><div class=\"theme-component-list theme-component-list-style-2\">\n<ul>\n<li data-start=\"1790\" data-end=\"1828\">Motoristas com forma\u00e7\u00e3o profissional<\/li>\n<li data-start=\"1790\" data-end=\"1828\">Servi\u00e7o completo de transporte 24 horas por dia, 7 dias por semana<\/li>\n<li data-start=\"1790\" data-end=\"1828\">Rede alargada de parceiros de transportes<\/li>\n<li data-start=\"1790\" data-end=\"1828\">Registo de seguran\u00e7a comprovado<\/li>\n<li data-start=\"1790\" data-end=\"1828\">Frota moderna que cobre o Algarve e n\u00e3o s\u00f3<\/li>\n<\/ul>\n<\/div><\/div><\/div><\/div><div class=\"wpb_column vc_column_container vc_col-sm-6\"><div class=\"vc_column-inner\"><div class=\"wpb_wrapper\">\n\t<div  class=\"wpb_single_image wpb_content_element vc_align_left wpb_content_element\">\n\t\t\n\t\t<figure class=\"wpb_wrapper vc_figure\">\n\t\t\t<div class=\"vc_single_image-wrapper   vc_box_border_grey\"><img loading=\"lazy\" decoding=\"async\" width=\"733\" height=\"700\" src=\"https:\/\/timelesstransfers.pt\/wp-content\/uploads\/2025\/12\/logo-about-2.jpg\" class=\"vc_single_image-img attachment-full\" alt=\"\" title=\"log\u00f3tipo sobre\" srcset=\"https:\/\/timelesstransfers.pt\/wp-content\/uploads\/2025\/12\/logo-about-2.jpg 733w, https:\/\/timelesstransfers.pt\/wp-content\/uploads\/2025\/12\/logo-about-2-300x286.jpg 300w, https:\/\/timelesstransfers.pt\/wp-content\/uploads\/2025\/12\/logo-about-2-13x12.jpg 13w, https:\/\/timelesstransfers.pt\/wp-content\/uploads\/2025\/12\/logo-about-2-320x306.jpg 320w, https:\/\/timelesstransfers.pt\/wp-content\/uploads\/2025\/12\/logo-about-2-558x533.jpg 558w, https:\/\/timelesstransfers.pt\/wp-content\/uploads\/2025\/12\/logo-about-2-600x573.jpg 600w\" sizes=\"auto, (max-width: 733px) 100vw, 733px\"><\/div>\n\t\t<\/figure>\n\t<\/div>\n<\/div><\/div><\/div><\/div>\n<\/div>","protected":false},"excerpt":{"rendered":"At Timeless Transfers, we believe that every journey should be more than just transportation \u2014 it should be a comfortable, elegant, and stress-free experience. Based in Faro, Portugal, our company specializes in private transfers across the Algarve, Lisbon, and other major destinations, offering first-class service for both leisure and corporate travelers. With a dedicated team [...]","protected":false},"author":1,"featured_media":24309,"parent":0,"menu_order":0,"comment_status":"closed","ping_status":"closed","template":"","meta":{"_acf_changed":false,"footnotes":""},"class_list":["post-17","page","type-page","status-publish","has-post-thumbnail","hentry"],"acf":[],"_links":{"self":[{"href":"https:\/\/timelesstransfers.pt\/pt\/wp-json\/wp\/v2\/pages\/17","targetHints":{"allow":["GET"]}}],"collection":[{"href":"https:\/\/timelesstransfers.pt\/pt\/wp-json\/wp\/v2\/pages"}],"about":[{"href":"https:\/\/timelesstransfers.pt\/pt\/wp-json\/wp\/v2\/types\/page"}],"author":[{"embeddable":true,"href":"https:\/\/timelesstransfers.pt\/pt\/wp-json\/wp\/v2\/users\/1"}],"replies":[{"embeddable":true,"href":"https:\/\/timelesstransfers.pt\/pt\/wp-json\/wp\/v2\/comments?post=17"}],"version-history":[{"count":19,"href":"https:\/\/timelesstransfers.pt\/pt\/wp-json\/wp\/v2\/pages\/17\/revisions"}],"predecessor-version":[{"id":24703,"href":"https:\/\/timelesstransfers.pt\/pt\/wp-json\/wp\/v2\/pages\/17\/revisions\/24703"}],"wp:featuredmedia":[{"embeddable":true,"href":"https:\/\/timelesstransfers.pt\/pt\/wp-json\/wp\/v2\/media\/24309"}],"wp:attachment":[{"href":"https:\/\/timelesstransfers.pt\/pt\/wp-json\/wp\/v2\/media?parent=17"}],"curies":[{"name":"wp","href":"https:\/\/api.w.org\/{rel}","templated":true}]}}