{"id":11039,"date":"2019-12-12T09:24:48","date_gmt":"2019-12-12T09:24:48","guid":{"rendered":"http:\/\/quanticalabs.com\/wp_themes4\/autoride\/?page_id=11039"},"modified":"2026-04-22T16:16:27","modified_gmt":"2026-04-22T15:16:27","slug":"transporte-mundial","status":"publish","type":"page","link":"https:\/\/timelesstransfers.pt\/pt\/worldwide-transportation\/","title":{"rendered":"Transporte mundial"},"content":{"rendered":"<div class=\"wpb-content-wrapper\"><div class=\"vc_row wpb_row vc_row-fluid\"><div class=\"wpb_column vc_column_container vc_col-sm-4\"><div class=\"vc_column-inner\"><div class=\"wpb_wrapper\">\n\t<div  class=\"wpb_single_image wpb_content_element vc_align_left wpb_content_element\">\n\t\t\n\t\t<figure class=\"wpb_wrapper vc_figure\">\n\t\t\t<div class=\"vc_single_image-wrapper   vc_box_border_grey\"><img loading=\"lazy\" decoding=\"async\" width=\"1536\" height=\"1024\" src=\"https:\/\/timelesstransfers.pt\/wp-content\/uploads\/2026\/04\/555.png\" class=\"vc_single_image-img attachment-full\" alt=\"\" title=\"555\" srcset=\"https:\/\/timelesstransfers.pt\/wp-content\/uploads\/2026\/04\/555.png 1536w, https:\/\/timelesstransfers.pt\/wp-content\/uploads\/2026\/04\/555-300x200.png 300w, https:\/\/timelesstransfers.pt\/wp-content\/uploads\/2026\/04\/555-1024x683.png 1024w, https:\/\/timelesstransfers.pt\/wp-content\/uploads\/2026\/04\/555-768x512.png 768w, https:\/\/timelesstransfers.pt\/wp-content\/uploads\/2026\/04\/555-18x12.png 18w, https:\/\/timelesstransfers.pt\/wp-content\/uploads\/2026\/04\/555-460x306.png 460w, https:\/\/timelesstransfers.pt\/wp-content\/uploads\/2026\/04\/555-800x533.png 800w, https:\/\/timelesstransfers.pt\/wp-content\/uploads\/2026\/04\/555-600x400.png 600w\" sizes=\"auto, (max-width: 1536px) 100vw, 1536px\"><\/div>\n\t\t<\/figure>\n\t<\/div>\n<\/div><\/div><\/div><div class=\"wpb_column vc_column_container vc_col-sm-8\"><div class=\"vc_column-inner\"><div class=\"wpb_wrapper\">\r\n            <p class=\"theme-component-paragraph-large theme-component-paragraph-large-style-2 alignleft theme-padding-top-0 theme-padding-bottom-0\">\r\n                Ao organizar um evento especial, voc\u00ea e a sua fam\u00edlia ou amigos podem querer divertir-se e n\u00e3o se preocupar com a condu\u00e7\u00e3o.\r\n            <\/p>\r\n        \n\t<div class=\"wpb_text_column wpb_content_element theme-padding-top-30\" >\n\t\t<div class=\"wpb_wrapper\">\n\t\t\t<p>Desenvolvemos uma extensa rede global de parceiros de transporte que lhes permite fornecer transporte terrestre de primeira classe para grupos de qualquer dimens\u00e3o em todo o mundo. Ao organizar um evento especial, voc\u00ea e a sua fam\u00edlia ou amigos podem querer divertir-se e n\u00e3o se preocupar com a condu\u00e7\u00e3o.<\/p>\n\n\t\t<\/div>\n\t<\/div>\n<\/div><\/div><\/div><\/div><div class=\"vc_row wpb_row vc_row-fluid theme-margin-top-20\"><div class=\"wpb_column vc_column_container vc_col-sm-8\"><div class=\"vc_column-inner\"><div class=\"wpb_wrapper\">\r\n            <p class=\"theme-component-paragraph-large theme-component-paragraph-large-style-2 alignleft theme-padding-top-0 theme-padding-bottom-0\">\r\n                Os nossos motoristas experientes gui\u00e1-lo-\u00e3o por todas as cidades em que se encontrar.\r\n            <\/p>\r\n        \n\t<div class=\"wpb_text_column wpb_content_element theme-padding-top-30\" >\n\t\t<div class=\"wpb_wrapper\">\n\t\t\t<p>Desenvolvemos uma extensa rede global de parceiros de transporte que lhes permite fornecer transporte terrestre de primeira classe para grupos de qualquer dimens\u00e3o em todo o mundo. Ao organizar um evento especial, voc\u00ea e a sua fam\u00edlia ou amigos podem querer divertir-se e n\u00e3o se preocupar com a condu\u00e7\u00e3o.<\/p>\n\n\t\t<\/div>\n\t<\/div>\n<\/div><\/div><\/div><div class=\"wpb_column vc_column_container vc_col-sm-4\"><div class=\"vc_column-inner\"><div class=\"wpb_wrapper\">\n\t<div  class=\"wpb_single_image wpb_content_element vc_align_right wpb_content_element\">\n\t\t\n\t\t<figure class=\"wpb_wrapper vc_figure\">\n\t\t\t<div class=\"vc_single_image-wrapper   vc_box_border_grey\"><img loading=\"lazy\" decoding=\"async\" width=\"1536\" height=\"1024\" src=\"https:\/\/timelesstransfers.pt\/wp-content\/uploads\/2026\/04\/666.png\" class=\"vc_single_image-img attachment-full\" alt=\"\" title=\"666\" srcset=\"https:\/\/timelesstransfers.pt\/wp-content\/uploads\/2026\/04\/666.png 1536w, https:\/\/timelesstransfers.pt\/wp-content\/uploads\/2026\/04\/666-300x200.png 300w, https:\/\/timelesstransfers.pt\/wp-content\/uploads\/2026\/04\/666-1024x683.png 1024w, https:\/\/timelesstransfers.pt\/wp-content\/uploads\/2026\/04\/666-768x512.png 768w, https:\/\/timelesstransfers.pt\/wp-content\/uploads\/2026\/04\/666-18x12.png 18w, https:\/\/timelesstransfers.pt\/wp-content\/uploads\/2026\/04\/666-460x306.png 460w, https:\/\/timelesstransfers.pt\/wp-content\/uploads\/2026\/04\/666-800x533.png 800w, https:\/\/timelesstransfers.pt\/wp-content\/uploads\/2026\/04\/666-600x400.png 600w\" sizes=\"auto, (max-width: 1536px) 100vw, 1536px\"><\/div>\n\t\t<\/figure>\n\t<\/div>\n<\/div><\/div><\/div><\/div><div class=\"vc_row wpb_row vc_row-fluid theme-column-style-6 theme-padding-bottom-0\"><div class=\"theme-margin-bottom-20 wpb_column vc_column_container vc_col-sm-6\"><div class=\"vc_column-inner\"><div class=\"wpb_wrapper\"><div class=\"theme-component-list theme-component-list-style-2\">\n<ul>\n<li>Motoristas com forma\u00e7\u00e3o profissional<\/li>\n<li>Servi\u00e7o completo de transporte 24 horas por dia, 7 dias por semana<\/li>\n<li>Rede global de parceiros de transporte<\/li>\n<\/ul>\n<\/div><\/div><\/div><\/div><div class=\"theme-margin-bottom-20 wpb_column vc_column_container vc_col-sm-6\"><div class=\"vc_column-inner\"><div class=\"wpb_wrapper\"><div class=\"theme-component-list theme-component-list-style-2\">\n<ul>\n<li>Motoristas com forma\u00e7\u00e3o profissional<\/li>\n<li>Servi\u00e7o completo de transporte 24 horas por dia, 7 dias por semana<\/li>\n<li>Rede global de parceiros de transporte<\/li>\n<\/ul>\n<\/div><\/div><\/div><\/div><\/div><div class=\"vc_row wpb_row vc_row-fluid\"><div class=\"theme-margin-bottom-0 wpb_column vc_column_container vc_col-sm-12\"><div class=\"vc_column-inner\"><div class=\"wpb_wrapper\"><h3 style=\"text-align: center\" class=\"vc_custom_heading vc_do_custom_heading theme-margin-top-60 theme-margin-bottom-50\" >Benef\u00edcios de contratar a AutoRide<\/h3><\/div><\/div><\/div><\/div><div class=\"vc_row wpb_row vc_row-fluid\"><div class=\"theme-margin-bottom-0 wpb_column vc_column_container vc_col-sm-12\"><div class=\"vc_column-inner\"><div class=\"wpb_wrapper\">\n            <div class=\"theme-component-feature theme-component-feature-style-1\">\n                <div class=\"vc_row wpb_row vc_inner vc_row-fluid\"><div class=\"wpb_column vc_column_container vc_col-sm-4\"><div class=\"vc_column-inner\"><div class=\"wpb_wrapper\">\r\n            <div class=\"theme-component-feature-item\">\r\n                <span class=\"theme-icon-feature-check theme-component-feature-item-icon\"><span><\/span><\/span>\r\n                <h4 class=\"theme-component-feature-item-header\">Seguran\u00e7a em primeiro lugar<\/h4><p>Pessoal experiente e motoristas com forma\u00e7\u00e3o profissional.<\/p>\n\r\n            <\/div>\r\n        <\/div><\/div><\/div><div class=\"wpb_column vc_column_container vc_col-sm-4\"><div class=\"vc_column-inner\"><div class=\"wpb_wrapper\">\r\n            <div class=\"theme-component-feature-item\">\r\n                <span class=\"theme-icon-feature-price theme-component-feature-item-icon\"><span><\/span><\/span>\r\n                <h4 class=\"theme-component-feature-item-header\">Tarifas razo\u00e1veis<\/h4><p>Podemos oferecer-lhe o ve\u00edculo certo ao pre\u00e7o certo para o seu or\u00e7amento.<\/p>\n\r\n            <\/div>\r\n        <\/div><\/div><\/div><div class=\"wpb_column vc_column_container vc_col-sm-4\"><div class=\"vc_column-inner\"><div class=\"wpb_wrapper\">\r\n            <div class=\"theme-component-feature-item\">\r\n                <span class=\"theme-icon-feature-route-1 theme-component-feature-item-icon\"><span><\/span><\/span>\r\n                <h4 class=\"theme-component-feature-item-header\">Maior frota<\/h4><p>Dispomos de uma vasta frota de ve\u00edculos, incluindo sedans, limusinas e autocarros de turismo.<\/p>\n\r\n            <\/div>\r\n        <\/div><\/div><\/div><\/div>\n            <\/div>\n        <\/div><\/div><\/div><\/div><div class=\"vc_row wpb_row vc_row-fluid theme-margin-top-20\"><div class=\"theme-margin-bottom-0 wpb_column vc_column_container vc_col-sm-12\"><div class=\"vc_column-inner\"><div class=\"wpb_wrapper\">\n            <div class=\"theme-component-feature theme-component-feature-style-1\">\n                <div class=\"vc_row wpb_row vc_inner vc_row-fluid\"><div class=\"wpb_column vc_column_container vc_col-sm-4\"><div class=\"vc_column-inner\"><div class=\"wpb_wrapper\">\r\n            <div class=\"theme-component-feature-item\">\r\n                <span class=\"theme-icon-feature-bag-1 theme-component-feature-item-icon\"><span><\/span><\/span>\r\n                <h4 class=\"theme-component-feature-item-header\">Seguran\u00e7a em primeiro lugar<\/h4><p>Pessoal experiente e motoristas com forma\u00e7\u00e3o profissional.<\/p>\n\r\n            <\/div>\r\n        <\/div><\/div><\/div><div class=\"wpb_column vc_column_container vc_col-sm-4\"><div class=\"vc_column-inner\"><div class=\"wpb_wrapper\">\r\n            <div class=\"theme-component-feature-item\">\r\n                <span class=\"theme-icon-feature-box-truck theme-component-feature-item-icon\"><span><\/span><\/span>\r\n                <h4 class=\"theme-component-feature-item-header\">Tarifas razo\u00e1veis<\/h4><p>Podemos oferecer-lhe o ve\u00edculo certo ao pre\u00e7o certo para o seu or\u00e7amento.<\/p>\n\r\n            <\/div>\r\n        <\/div><\/div><\/div><div class=\"wpb_column vc_column_container vc_col-sm-4\"><div class=\"vc_column-inner\"><div class=\"wpb_wrapper\">\r\n            <div class=\"theme-component-feature-item\">\r\n                <span class=\"theme-icon-feature-party theme-component-feature-item-icon\"><span><\/span><\/span>\r\n                <h4 class=\"theme-component-feature-item-header\">Maior frota<\/h4><p>Dispomos de uma vasta frota de ve\u00edculos, incluindo sedans, limusinas e autocarros de turismo.<\/p>\n\r\n            <\/div>\r\n        <\/div><\/div><\/div><\/div>\n            <\/div>\n        <\/div><\/div><\/div><\/div>\n<\/div>","protected":false},"excerpt":{"rendered":"When organizing a special event you and your family or friends might want to have a good time and not worry about driving. We have developed an extensive global network of transportation partners enabling them to provide first rate ground transportation for groups of any sizge all over the world. When organizing a special event [...]","protected":false},"author":1,"featured_media":0,"parent":0,"menu_order":0,"comment_status":"closed","ping_status":"closed","template":"","meta":{"_acf_changed":false,"footnotes":""},"class_list":["post-11039","page","type-page","status-publish","hentry"],"acf":[],"_links":{"self":[{"href":"https:\/\/timelesstransfers.pt\/pt\/wp-json\/wp\/v2\/pages\/11039","targetHints":{"allow":["GET"]}}],"collection":[{"href":"https:\/\/timelesstransfers.pt\/pt\/wp-json\/wp\/v2\/pages"}],"about":[{"href":"https:\/\/timelesstransfers.pt\/pt\/wp-json\/wp\/v2\/types\/page"}],"author":[{"embeddable":true,"href":"https:\/\/timelesstransfers.pt\/pt\/wp-json\/wp\/v2\/users\/1"}],"replies":[{"embeddable":true,"href":"https:\/\/timelesstransfers.pt\/pt\/wp-json\/wp\/v2\/comments?post=11039"}],"version-history":[{"count":4,"href":"https:\/\/timelesstransfers.pt\/pt\/wp-json\/wp\/v2\/pages\/11039\/revisions"}],"predecessor-version":[{"id":24828,"href":"https:\/\/timelesstransfers.pt\/pt\/wp-json\/wp\/v2\/pages\/11039\/revisions\/24828"}],"wp:attachment":[{"href":"https:\/\/timelesstransfers.pt\/pt\/wp-json\/wp\/v2\/media?parent=11039"}],"curies":[{"name":"wp","href":"https:\/\/api.w.org\/{rel}","templated":true}]}}