{"id":11032,"date":"2019-12-12T09:21:33","date_gmt":"2019-12-12T09:21:33","guid":{"rendered":"http:\/\/quanticalabs.com\/wp_themes4\/autoride\/?page_id=11032"},"modified":"2026-04-23T19:40:43","modified_gmt":"2026-04-23T18:40:43","slug":"limusina-para-eventos-especiais","status":"publish","type":"page","link":"https:\/\/timelesstransfers.pt\/pt\/special-event-limousine\/","title":{"rendered":"Limousine para eventos especiais"},"content":{"rendered":"<div class=\"wpb-content-wrapper\"><div class=\"vc_row wpb_row vc_row-fluid theme-column-style-2 theme-padding-top-0 theme-padding-bottom-50\"><div class=\"wpb_column vc_column_container vc_col-sm-6\"><div class=\"vc_column-inner\"><div class=\"wpb_wrapper\">\r\n            <p class=\"theme-component-paragraph-large theme-component-paragraph-large-style-2 alignleft\">\r\n                Na AutoRide, orgulhamo-nos de fornecer<br \/>\nservi\u00e7os alargados para satisfazer todas as suas necessidades com um atendimento ao cliente de primeira qualidade.\r\n            <\/p>\r\n        <\/div><\/div><\/div><div class=\"wpb_column vc_column_container vc_col-sm-6\"><div class=\"vc_column-inner\"><div class=\"wpb_wrapper\">\n\t<div class=\"wpb_text_column wpb_content_element\" >\n\t\t<div class=\"wpb_wrapper\">\n\t\t\t<p>Ao oferecer um servi\u00e7o excecional, sem esquecer nenhum pormenor, tivemos a sorte de nos tornarmos o principal fornecedor de transportes terrestres da regi\u00e3o. O nosso objetivo \u00e9 tornar as suas viagens seguras, sem esfor\u00e7o e dentro do hor\u00e1rio previsto.<\/p>\n\n\t\t<\/div>\n\t<\/div>\n<\/div><\/div><\/div><\/div><div data-vc-full-width=\"true\" data-vc-full-width-temp=\"true\" data-vc-full-width-init=\"false\" data-vc-stretch-content=\"true\" class=\"vc_row wpb_row vc_row-fluid vc_row-no-padding vc_row-o-equal-height vc_row-flex\"><div class=\"wpb_column vc_column_container vc_col-sm-6 vc_col-has-fill\"><div class=\"vc_column-inner vc_custom_1776963595148\"><div class=\"wpb_wrapper\"><\/div><\/div><\/div><div class=\"theme-column-style-1 theme-background-color-7 wpb_column vc_column_container vc_col-sm-6\"><div class=\"vc_column-inner\"><div class=\"wpb_wrapper\"><h3 style=\"text-align: left\" class=\"vc_custom_heading vc_do_custom_heading\" >A nossa sede principal situa-se na zona de Oakland com<br \/>\nescrit\u00f3rios sat\u00e9lite em San Mateo e San Jose<\/h3>\n\t<div class=\"wpb_text_column wpb_content_element\" >\n\t\t<div class=\"wpb_wrapper\">\n\t\t\t<p>Desenvolvemos uma extensa rede global de parceiros de transporte que lhes permite fornecer transporte terrestre de primeira classe para grupos de qualquer dimens\u00e3o em todo o mundo. Ao organizar um evento especial, voc\u00ea e a sua fam\u00edlia ou amigos podem querer divertir-se e n\u00e3o se preocupar com a condu\u00e7\u00e3o. Os nossos motoristas experientes gui\u00e1-lo-\u00e3o por todas as cidades em que se encontrar.<\/p>\n\n\t\t<\/div>\n\t<\/div>\n<div class=\"theme-component-list theme-component-list-style-2 theme-margin-top-40\">\n<ul>\n<li>Motoristas com forma\u00e7\u00e3o profissional<\/li>\n<li>Servi\u00e7o completo de transporte 24 horas por dia, 7 dias por semana<\/li>\n<li>Rede global de parceiros de transporte<\/li>\n<\/ul>\n<\/div><\/div><\/div><\/div><\/div><div class=\"vc_row-full-width vc_clearfix\"><\/div><div data-vc-full-width=\"true\" data-vc-full-width-temp=\"true\" data-vc-full-width-init=\"false\" class=\"vc_row wpb_row vc_row-fluid theme-section-padding vc_custom_1571303563802 vc_row-has-fill\"><div class=\"theme-column-style-2 theme-padding-bottom-40 theme-margin-bottom-0 wpb_column vc_column_container vc_col-sm-12\"><div class=\"vc_column-inner\"><div class=\"wpb_wrapper\">\n            <div class=\"theme-component-tab theme-clear-fix\" data-active=\"0\" data-close_start=\"0\" data-collapsible=\"0\" data-height_style=\"content\" data-animation_open_enable=\"1\" data-animation_open_duration=\"200\" data-animation_open_delay=\"0\" data-animation_open_easing=\"swing\" data-animation_close_enable=\"1\" data-animation_close_duration=\"200\" data-animation_close_delay=\"0\" data-animation_close_easing=\"swing\">\n                \n            <a href=\"#theme_component_tab_5B3BEB56CF06ADD4E4F198B9B9B57B27\"><span class=\"theme-icon-feature-airplane\"><\/span><span>Servindo aeroportos em todo o mundo<\/span><\/a>\n            <div id=\"theme_component_tab_5B3BEB56CF06ADD4E4F198B9B9B57B27\"><div class=\"vc_row wpb_row vc_row-fluid\"><div class=\"wpb_column vc_column_container vc_col-sm-6\"><div class=\"vc_column-inner\"><div class=\"wpb_wrapper\">\r\n            <p class=\"theme-component-paragraph-large theme-component-paragraph-large-style-2 alignleft theme-padding-bottom-20\">\r\n                Na Timeless Transfers, temos o orgulho de servir clientes que valorizam o conforto, a fiabilidade e o servi\u00e7o de excel\u00eancia.\r\nDesde f\u00e9rias em fam\u00edlia e transferes de aeroporto a viagens de neg\u00f3cios e escapadelas de golfe, a nossa miss\u00e3o \u00e9 tornar as suas viagens pelo Algarve sem esfor\u00e7o.\r\n\r\n            <\/p>\r\n        \n\t<div class=\"wpb_text_column wpb_content_element\" >\n\t\t<div class=\"wpb_wrapper\">\n\t\t\t<p>Quer necessite de um transfer do Aeroporto de Faro, de um motorista privado para um dia, ou de uma viagem de longo curso atrav\u00e9s de Portugal, a nossa equipa experiente garante que cada viagem corresponde \u00e0s suas expectativas de excel\u00eancia.<\/p>\n\n\t\t<\/div>\n\t<\/div>\n<\/div><\/div><\/div><div class=\"theme-column-style-6 wpb_column vc_column_container vc_col-sm-6\"><div class=\"vc_column-inner\"><div class=\"wpb_wrapper\"><div class=\"theme-component-list theme-component-list-style-1\">\r\n<ul>\r\n \t<li>Dispon\u00edvel 24\/7 - Uma chamada liga-o \u00e0 nossa equipa a qualquer hora, em qualquer lugar do Algarve.<\/li>\r\n \t<li>Assist\u00eancia no Aeroporto - Os nossos representantes podem receber e assistir grupos ou indiv\u00edduos diretamente no Aeroporto de Faro.<\/li>\r\n \t<li>Monitoriza\u00e7\u00e3o do voo - Acompanhamos o estado do seu voo e ajustamos automaticamente as horas de recolha.<\/li>\r\n \t<li>Viagem sem stress - Esque\u00e7a o inc\u00f3modo de conduzir ou estacionar - n\u00f3s tratamos de tudo.<\/li>\r\n \t<li>Planeamento inteligente de percursos - Percursos eficientes e direc\u00e7\u00f5es precisas garantem que chega descansado e dentro do hor\u00e1rio previsto.<\/li>\r\n<\/ul>\r\n<\/div><\/div><\/div><\/div><\/div><\/div>\n        \n            <a href=\"#theme_component_tab_C7E9F65B370B0A958C0FCD8987017CBD\"><span class=\"theme-icon-feature-medical-bed\"><\/span><span>Transporte de pessoas com defici\u00eancia e doentes<\/span><\/a>\n            <div id=\"theme_component_tab_C7E9F65B370B0A958C0FCD8987017CBD\"><div class=\"vc_row wpb_row vc_row-fluid\"><div class=\"wpb_column vc_column_container vc_col-sm-6\"><div class=\"vc_column-inner\"><div class=\"wpb_wrapper\">\r\n            <p class=\"theme-component-paragraph-large theme-component-paragraph-large-style-2 alignleft theme-padding-bottom-20\">\r\n                Na Timeless Transfers, temos o orgulho de servir clientes que valorizam o conforto, a fiabilidade e o servi\u00e7o de excel\u00eancia.\r\nDesde f\u00e9rias em fam\u00edlia e transferes de aeroporto a viagens de neg\u00f3cios e escapadelas de golfe, a nossa miss\u00e3o \u00e9 tornar as suas viagens pelo Algarve sem esfor\u00e7o.\r\n\r\n            <\/p>\r\n        \n\t<div class=\"wpb_text_column wpb_content_element\" >\n\t\t<div class=\"wpb_wrapper\">\n\t\t\t<p>Quer necessite de um transfer do Aeroporto de Faro, de um motorista privado para um dia, ou de uma viagem de longo curso atrav\u00e9s de Portugal, a nossa equipa experiente garante que cada viagem corresponde \u00e0s suas expectativas de excel\u00eancia.<\/p>\n\n\t\t<\/div>\n\t<\/div>\n<\/div><\/div><\/div><div class=\"theme-column-style-6 wpb_column vc_column_container vc_col-sm-6\"><div class=\"vc_column-inner\"><div class=\"wpb_wrapper\"><div class=\"theme-component-list theme-component-list-style-1\">\r\n<ul>\r\n \t<li>Dispon\u00edvel 24\/7 - Uma chamada liga-o \u00e0 nossa equipa a qualquer hora, em qualquer lugar do Algarve.<\/li>\r\n \t<li>Assist\u00eancia no Aeroporto - Os nossos representantes podem receber e assistir grupos ou indiv\u00edduos diretamente no Aeroporto de Faro.<\/li>\r\n \t<li>Monitoriza\u00e7\u00e3o do voo - Acompanhamos o estado do seu voo e ajustamos automaticamente as horas de recolha.<\/li>\r\n \t<li>Viagem sem stress - Esque\u00e7a o inc\u00f3modo de conduzir ou estacionar - n\u00f3s tratamos de tudo.<\/li>\r\n \t<li>Planeamento inteligente de percursos - Percursos eficientes e direc\u00e7\u00f5es precisas garantem que chega descansado e dentro do hor\u00e1rio previsto.<\/li>\r\n<\/ul>\r\n<\/div><\/div><\/div><\/div><\/div><\/div>\n        \n            <a href=\"#theme_component_tab_B277D58524E34D9DF42E0B6FB6800E78\"><span class=\"theme-icon-feature-colosseum\"><\/span><span>Passeios tur\u00edsticos de Paris a Viena<\/span><\/a>\n            <div id=\"theme_component_tab_B277D58524E34D9DF42E0B6FB6800E78\"><div class=\"vc_row wpb_row vc_row-fluid\"><div class=\"wpb_column vc_column_container vc_col-sm-6\"><div class=\"vc_column-inner\"><div class=\"wpb_wrapper\">\r\n            <p class=\"theme-component-paragraph-large theme-component-paragraph-large-style-2 alignleft theme-padding-bottom-20\">\r\n                Na Timeless Transfers, temos o orgulho de servir clientes que valorizam o conforto, a fiabilidade e o servi\u00e7o de excel\u00eancia.\r\nDesde f\u00e9rias em fam\u00edlia e transferes de aeroporto a viagens de neg\u00f3cios e escapadelas de golfe, a nossa miss\u00e3o \u00e9 tornar as suas viagens pelo Algarve sem esfor\u00e7o.\r\n\r\n            <\/p>\r\n        \n\t<div class=\"wpb_text_column wpb_content_element\" >\n\t\t<div class=\"wpb_wrapper\">\n\t\t\t<p>Quer necessite de um transfer do Aeroporto de Faro, de um motorista privado para um dia, ou de uma viagem de longo curso atrav\u00e9s de Portugal, a nossa equipa experiente garante que cada viagem corresponde \u00e0s suas expectativas de excel\u00eancia.<\/p>\n\n\t\t<\/div>\n\t<\/div>\n<\/div><\/div><\/div><div class=\"theme-column-style-6 wpb_column vc_column_container vc_col-sm-6\"><div class=\"vc_column-inner\"><div class=\"wpb_wrapper\"><div class=\"theme-component-list theme-component-list-style-1\">\r\n<ul>\r\n \t<li>Dispon\u00edvel 24\/7 - Uma chamada liga-o \u00e0 nossa equipa a qualquer hora, em qualquer lugar do Algarve.<\/li>\r\n \t<li>Assist\u00eancia no Aeroporto - Os nossos representantes podem receber e assistir grupos ou indiv\u00edduos diretamente no Aeroporto de Faro.<\/li>\r\n \t<li>Monitoriza\u00e7\u00e3o do voo - Acompanhamos o estado do seu voo e ajustamos automaticamente as horas de recolha.<\/li>\r\n \t<li>Viagem sem stress - Esque\u00e7a o inc\u00f3modo de conduzir ou estacionar - n\u00f3s tratamos de tudo.<\/li>\r\n \t<li>Planeamento inteligente de percursos - Percursos eficientes e direc\u00e7\u00f5es precisas garantem que chega descansado e dentro do hor\u00e1rio previsto.<\/li>\r\n<\/ul>\r\n<\/div><\/div><\/div><\/div><\/div><\/div>\n        \n            <a href=\"#theme_component_tab_F571BB4C94FDBAF963C237206A3E8740\"><span class=\"theme-icon-feature-testimonials-2\"><\/span><span>Rela\u00e7\u00f5es baseadas no respeito m\u00fatuo<\/span><\/a>\n            <div id=\"theme_component_tab_F571BB4C94FDBAF963C237206A3E8740\"><div class=\"vc_row wpb_row vc_row-fluid\"><div class=\"wpb_column vc_column_container vc_col-sm-6\"><div class=\"vc_column-inner\"><div class=\"wpb_wrapper\">\r\n            <p class=\"theme-component-paragraph-large theme-component-paragraph-large-style-2 alignleft theme-padding-bottom-20\">\r\n                Na Timeless Transfers, temos o orgulho de servir clientes que valorizam o conforto, a fiabilidade e o servi\u00e7o de excel\u00eancia.\r\nDesde f\u00e9rias em fam\u00edlia e transferes de aeroporto a viagens de neg\u00f3cios e escapadelas de golfe, a nossa miss\u00e3o \u00e9 tornar as suas viagens pelo Algarve sem esfor\u00e7o.\r\n\r\n            <\/p>\r\n        \n\t<div class=\"wpb_text_column wpb_content_element\" >\n\t\t<div class=\"wpb_wrapper\">\n\t\t\t<p>Quer necessite de um transfer do Aeroporto de Faro, de um motorista privado para um dia, ou de uma viagem de longo curso atrav\u00e9s de Portugal, a nossa equipa experiente garante que cada viagem corresponde \u00e0s suas expectativas de excel\u00eancia.<\/p>\n\n\t\t<\/div>\n\t<\/div>\n<\/div><\/div><\/div><div class=\"theme-column-style-6 wpb_column vc_column_container vc_col-sm-6\"><div class=\"vc_column-inner\"><div class=\"wpb_wrapper\"><div class=\"theme-component-list theme-component-list-style-1\">\r\n<ul>\r\n \t<li>Dispon\u00edvel 24\/7 - Uma chamada liga-o \u00e0 nossa equipa a qualquer hora, em qualquer lugar do Algarve.<\/li>\r\n \t<li>Assist\u00eancia no Aeroporto - Os nossos representantes podem receber e assistir grupos ou indiv\u00edduos diretamente no Aeroporto de Faro.<\/li>\r\n \t<li>Monitoriza\u00e7\u00e3o do voo - Acompanhamos o estado do seu voo e ajustamos automaticamente as horas de recolha.<\/li>\r\n \t<li>Viagem sem stress - Esque\u00e7a o inc\u00f3modo de conduzir ou estacionar - n\u00f3s tratamos de tudo.<\/li>\r\n \t<li>Planeamento inteligente de percursos - Percursos eficientes e direc\u00e7\u00f5es precisas garantem que chega descansado e dentro do hor\u00e1rio previsto.<\/li>\r\n<\/ul>\r\n<\/div><\/div><\/div><\/div><\/div><\/div>\n        \n            <a href=\"#theme_component_tab_BE93C5F5D04E44177233610BF7B13713\"><span class=\"theme-icon-feature-road\"><\/span><span>Qualquer local de recolha e entrega<\/span><\/a>\n            <div id=\"theme_component_tab_BE93C5F5D04E44177233610BF7B13713\"><div class=\"vc_row wpb_row vc_row-fluid\"><div class=\"wpb_column vc_column_container vc_col-sm-6\"><div class=\"vc_column-inner\"><div class=\"wpb_wrapper\">\r\n            <p class=\"theme-component-paragraph-large theme-component-paragraph-large-style-2 alignleft theme-padding-bottom-20\">\r\n                Na Timeless Transfers, temos o orgulho de servir clientes que valorizam o conforto, a fiabilidade e o servi\u00e7o de excel\u00eancia.\r\nDesde f\u00e9rias em fam\u00edlia e transferes de aeroporto a viagens de neg\u00f3cios e escapadelas de golfe, a nossa miss\u00e3o \u00e9 tornar as suas viagens pelo Algarve sem esfor\u00e7o.\r\n\r\n            <\/p>\r\n        \n\t<div class=\"wpb_text_column wpb_content_element\" >\n\t\t<div class=\"wpb_wrapper\">\n\t\t\t<p>Quer necessite de um transfer do Aeroporto de Faro, de um motorista privado para um dia, ou de uma viagem de longo curso atrav\u00e9s de Portugal, a nossa equipa experiente garante que cada viagem corresponde \u00e0s suas expectativas de excel\u00eancia.<\/p>\n\n\t\t<\/div>\n\t<\/div>\n<\/div><\/div><\/div><div class=\"theme-column-style-6 wpb_column vc_column_container vc_col-sm-6\"><div class=\"vc_column-inner\"><div class=\"wpb_wrapper\"><div class=\"theme-component-list theme-component-list-style-1\">\r\n<ul>\r\n \t<li>Dispon\u00edvel 24\/7 - Uma chamada liga-o \u00e0 nossa equipa a qualquer hora, em qualquer lugar do Algarve.<\/li>\r\n \t<li>Assist\u00eancia no Aeroporto - Os nossos representantes podem receber e assistir grupos ou indiv\u00edduos diretamente no Aeroporto de Faro.<\/li>\r\n \t<li>Monitoriza\u00e7\u00e3o do voo - Acompanhamos o estado do seu voo e ajustamos automaticamente as horas de recolha.<\/li>\r\n \t<li>Viagem sem stress - Esque\u00e7a o inc\u00f3modo de conduzir ou estacionar - n\u00f3s tratamos de tudo.<\/li>\r\n \t<li>Planeamento inteligente de percursos - Percursos eficientes e direc\u00e7\u00f5es precisas garantem que chega descansado e dentro do hor\u00e1rio previsto.<\/li>\r\n<\/ul>\r\n<\/div><\/div><\/div><\/div><\/div><\/div>\n        \n            <\/div>\n        <\/div><\/div><\/div><\/div><div class=\"vc_row-full-width vc_clearfix\"><\/div><div class=\"vc_row wpb_row vc_row-fluid theme-section-padding\"><div class=\"theme-column-style-2 theme-padding-bottom-60 theme-margin-bottom-0 wpb_column vc_column_container vc_col-sm-12\"><div class=\"vc_column-inner\"><div class=\"wpb_wrapper\">\n            <div class=\"theme-component-blockquote theme-component-blockquote-style-1 theme-margin-bottom-60\">\n                <span class=\"theme-icon-meta-quote\"><\/span>\n                <blockquote>Convido-o a experimentar o nosso servi\u00e7o e garanto-lhe pessoalmente<br \/>\nter\u00e1 uma experi\u00eancia plenamente satisfat\u00f3ria.<\/blockquote>\n                <div>Jos\u00e9 Machado - Presidente &amp; CEO<\/div>\n            <\/div>\n        <div class=\"vc_row wpb_row vc_row-fluid\"><div class=\"theme-margin-bottom-0 wpb_column vc_column_container vc_col-sm-12\"><div class=\"vc_column-inner\"><div class=\"wpb_wrapper\">\n            <div data-column_count=\"2\" class=\"theme-component-gallery theme-component-gallery-type-1 theme-component-gallery-effect-type-1\">\n                <ul>\n                    \r\n            <li class=\"theme-component-gallery-item-width-50\">\r\n                <a class=\"theme-image-fancybox\" data-fancybox-group=\"autoride-gallery-1\" href=\"https:\/\/timelesstransfers.pt\/wp-content\/uploads\/2026\/04\/666.png\">\r\n                    <img decoding=\"async\" src=\"https:\/\/timelesstransfers.pt\/wp-content\/uploads\/2026\/04\/666.png\" alt=\"Image\" title=\"\">\r\n                    \r\n                    <i><\/i>\r\n                <\/a>\r\n            <\/li>\r\n        \r\n            <li class=\"theme-component-gallery-item-width-50\">\r\n                <a class=\"theme-image-fancybox\" data-fancybox-group=\"autoride-gallery-1\" href=\"https:\/\/timelesstransfers.pt\/wp-content\/uploads\/2026\/04\/3.webp\">\r\n                    <img decoding=\"async\" src=\"https:\/\/timelesstransfers.pt\/wp-content\/uploads\/2026\/04\/3.webp\" alt=\"Image\" title=\"\">\r\n                    \r\n                    <i><\/i>\r\n                <\/a>\r\n            <\/li>\r\n        \r\n            <li class=\"theme-component-gallery-item-width-25\">\r\n                <a class=\"theme-image-fancybox\" data-fancybox-group=\"autoride-gallery-1\" href=\"https:\/\/timelesstransfers.pt\/wp-content\/uploads\/2026\/04\/1.webp\">\r\n                    <img decoding=\"async\" src=\"https:\/\/timelesstransfers.pt\/wp-content\/uploads\/2026\/04\/1.webp\" alt=\"Image\" title=\"\">\r\n                    \r\n                    <i><\/i>\r\n                <\/a>\r\n            <\/li>\r\n        \r\n            <li class=\"theme-component-gallery-item-width-50\">\r\n                <a class=\"theme-image-fancybox\" data-fancybox-group=\"autoride-gallery-1\" href=\"https:\/\/timelesstransfers.pt\/wp-content\/uploads\/2026\/04\/4.webp\">\r\n                    <img decoding=\"async\" src=\"https:\/\/timelesstransfers.pt\/wp-content\/uploads\/2026\/04\/4.webp\" alt=\"Image\" title=\"\">\r\n                    \r\n                    <i><\/i>\r\n                <\/a>\r\n            <\/li>\r\n        \r\n            <li class=\"theme-component-gallery-item-width-25\">\r\n                <a class=\"theme-image-fancybox\" data-fancybox-group=\"autoride-gallery-1\" href=\"https:\/\/timelesstransfers.pt\/wp-content\/uploads\/2026\/04\/5.webp\">\r\n                    <img decoding=\"async\" src=\"https:\/\/timelesstransfers.pt\/wp-content\/uploads\/2026\/04\/5.webp\" alt=\"Image\" title=\"\">\r\n                    \r\n                    <i><\/i>\r\n                <\/a>\r\n            <\/li>\r\n        \n                <\/ul>\n            <\/div>\n        <\/div><\/div><\/div><\/div><\/div><\/div><\/div><\/div>\n<\/div>","protected":false},"excerpt":{"rendered":"At AutoRide we pride ourselves in delivering extensive services to fulfill all of your needs with first rate customer care. By offering exceptional service with no detail unattended, we have been fortunate enough to have developed into the leading provider of ground transportation in the area. Our goal is to make your travels safe, effortless [...]","protected":false},"author":1,"featured_media":0,"parent":0,"menu_order":0,"comment_status":"closed","ping_status":"closed","template":"","meta":{"_acf_changed":false,"footnotes":""},"class_list":["post-11032","page","type-page","status-publish","hentry"],"acf":[],"_links":{"self":[{"href":"https:\/\/timelesstransfers.pt\/pt\/wp-json\/wp\/v2\/pages\/11032","targetHints":{"allow":["GET"]}}],"collection":[{"href":"https:\/\/timelesstransfers.pt\/pt\/wp-json\/wp\/v2\/pages"}],"about":[{"href":"https:\/\/timelesstransfers.pt\/pt\/wp-json\/wp\/v2\/types\/page"}],"author":[{"embeddable":true,"href":"https:\/\/timelesstransfers.pt\/pt\/wp-json\/wp\/v2\/users\/1"}],"replies":[{"embeddable":true,"href":"https:\/\/timelesstransfers.pt\/pt\/wp-json\/wp\/v2\/comments?post=11032"}],"version-history":[{"count":4,"href":"https:\/\/timelesstransfers.pt\/pt\/wp-json\/wp\/v2\/pages\/11032\/revisions"}],"predecessor-version":[{"id":24853,"href":"https:\/\/timelesstransfers.pt\/pt\/wp-json\/wp\/v2\/pages\/11032\/revisions\/24853"}],"wp:attachment":[{"href":"https:\/\/timelesstransfers.pt\/pt\/wp-json\/wp\/v2\/media?parent=11032"}],"curies":[{"name":"wp","href":"https:\/\/api.w.org\/{rel}","templated":true}]}}