{"id":11025,"date":"2019-12-12T09:19:06","date_gmt":"2019-12-12T09:19:06","guid":{"rendered":"http:\/\/quanticalabs.com\/wp_themes4\/autoride\/?page_id=11025"},"modified":"2026-04-22T16:00:41","modified_gmt":"2026-04-22T15:00:41","slug":"transfer-do-aeroporto","status":"publish","type":"page","link":"https:\/\/timelesstransfers.pt\/pt\/airport-transfer\/","title":{"rendered":"Transfer do aeroporto"},"content":{"rendered":"<div class=\"wpb-content-wrapper\"><div class=\"vc_row wpb_row vc_row-fluid\"><div class=\"wpb_column vc_column_container vc_col-sm-4\"><div class=\"vc_column-inner\"><div class=\"wpb_wrapper\">\n\t<div  class=\"wpb_single_image wpb_content_element vc_align_left wpb_content_element\">\n\t\t\n\t\t<figure class=\"wpb_wrapper vc_figure\">\n\t\t\t<div class=\"vc_single_image-wrapper   vc_box_border_grey\"><img loading=\"lazy\" decoding=\"async\" width=\"1448\" height=\"1086\" src=\"https:\/\/timelesstransfers.pt\/wp-content\/uploads\/2026\/04\/111.png\" class=\"vc_single_image-img attachment-full\" alt=\"\" title=\"111\" srcset=\"https:\/\/timelesstransfers.pt\/wp-content\/uploads\/2026\/04\/111.png 1448w, https:\/\/timelesstransfers.pt\/wp-content\/uploads\/2026\/04\/111-300x225.png 300w, https:\/\/timelesstransfers.pt\/wp-content\/uploads\/2026\/04\/111-1024x768.png 1024w, https:\/\/timelesstransfers.pt\/wp-content\/uploads\/2026\/04\/111-768x576.png 768w, https:\/\/timelesstransfers.pt\/wp-content\/uploads\/2026\/04\/111-16x12.png 16w, https:\/\/timelesstransfers.pt\/wp-content\/uploads\/2026\/04\/111-408x306.png 408w, https:\/\/timelesstransfers.pt\/wp-content\/uploads\/2026\/04\/111-711x533.png 711w, https:\/\/timelesstransfers.pt\/wp-content\/uploads\/2026\/04\/111-600x450.png 600w\" sizes=\"auto, (max-width: 1448px) 100vw, 1448px\"><\/div>\n\t\t<\/figure>\n\t<\/div>\n<\/div><\/div><\/div><div class=\"wpb_column vc_column_container vc_col-sm-8\"><div class=\"vc_column-inner\"><div class=\"wpb_wrapper\">\r\n            <p class=\"theme-component-paragraph-large theme-component-paragraph-large-style-2 alignleft theme-padding-top-0 theme-padding-bottom-0\">\r\n                Na Timeless Transfers, transformamos cada transfer do aeroporto numa experi\u00eancia perfeita e sem stress.<br \/>\n\r\n            <\/p>\r\n        \n\t<div class=\"wpb_text_column wpb_content_element theme-padding-top-30\" >\n\t\t<div class=\"wpb_wrapper\">\n\t\t\t<p data-start=\"539\" data-end=\"824\">Quer esteja a chegar a <strong data-start=\"670\" data-end=\"686\">Aeroporto de Faro<\/strong>, partindo de <strong data-start=\"703\" data-end=\"713\">Lisboa<\/strong>, ou de liga\u00e7\u00e3o entre destinos, a nossa miss\u00e3o \u00e9 garantir que a sua viagem come\u00e7a e termina com todo o conforto.<\/p>\n<p data-start=\"826\" data-end=\"1168\">O nosso <strong data-start=\"830\" data-end=\"857\">motoristas profissionais<\/strong> cumprimentamo-lo pessoalmente, ajudamo-lo com a sua bagagem e garantimos uma viagem pontual, segura e elegante at\u00e9 ao seu destino. Cada ve\u00edculo da nossa moderna frota est\u00e1 equipado com a mais recente tecnologia para conforto, seguran\u00e7a e fiabilidade - perfeito para <strong data-start=\"1099\" data-end=\"1121\">viajantes de neg\u00f3cios<\/strong>, <strong data-start=\"1123\" data-end=\"1135\">fam\u00edlias<\/strong>, e <strong data-start=\"1141\" data-end=\"1159\">convidados privados<\/strong> iguais.<\/p>\n\n\t\t<\/div>\n\t<\/div>\n<\/div><\/div><\/div><\/div><div class=\"vc_row wpb_row vc_row-fluid theme-margin-top-20\"><div class=\"wpb_column vc_column_container vc_col-sm-8\"><div class=\"vc_column-inner\"><div class=\"wpb_wrapper\">\r\n            <p class=\"theme-component-paragraph-large theme-component-paragraph-large-style-2 alignleft theme-padding-top-0 theme-padding-bottom-0\">\r\n                Porqu\u00ea escolher o nosso servi\u00e7o de transfer do aeroporto\r\n            <\/p>\r\n        \n\t<div class=\"wpb_text_column wpb_content_element theme-padding-top-30\" >\n\t\t<div class=\"wpb_wrapper\">\n\t\t\t<p>A nossa atividade <strong data-start=\"1181\" data-end=\"1214\">24 horas por dia, 7 dias por semana<\/strong>, oferecendo <strong data-start=\"1225\" data-end=\"1259\">transporte porta-a-porta para o aeroporto<\/strong> em todo o <strong data-start=\"1271\" data-end=\"1295\">Algarve e Portugal<\/strong>, com <strong data-start=\"1302\" data-end=\"1329\">taxas fixas transparentes<\/strong> e <strong data-start=\"1334\" data-end=\"1353\">servi\u00e7o premium<\/strong>.<br data-start=\"1354\" data-end=\"1357\" \/>Desde viagens curtas a liga\u00e7\u00f5es de longa dist\u00e2ncia, pode sempre contar com <strong data-start=\"1428\" data-end=\"1450\">Transfer\u00eancias intemporais<\/strong> para prestar o n\u00edvel de servi\u00e7o que merece.<\/p>\n\n\t\t<\/div>\n\t<\/div>\n<\/div><\/div><\/div><div class=\"wpb_column vc_column_container vc_col-sm-4\"><div class=\"vc_column-inner\"><div class=\"wpb_wrapper\">\n\t<div  class=\"wpb_single_image wpb_content_element vc_align_right wpb_content_element\">\n\t\t\n\t\t<figure class=\"wpb_wrapper vc_figure\">\n\t\t\t<div class=\"vc_single_image-wrapper   vc_box_border_grey\"><img loading=\"lazy\" decoding=\"async\" width=\"1448\" height=\"1086\" src=\"https:\/\/timelesstransfers.pt\/wp-content\/uploads\/2026\/04\/222.png\" class=\"vc_single_image-img attachment-full\" alt=\"\" title=\"222\" srcset=\"https:\/\/timelesstransfers.pt\/wp-content\/uploads\/2026\/04\/222.png 1448w, https:\/\/timelesstransfers.pt\/wp-content\/uploads\/2026\/04\/222-300x225.png 300w, https:\/\/timelesstransfers.pt\/wp-content\/uploads\/2026\/04\/222-1024x768.png 1024w, https:\/\/timelesstransfers.pt\/wp-content\/uploads\/2026\/04\/222-768x576.png 768w, https:\/\/timelesstransfers.pt\/wp-content\/uploads\/2026\/04\/222-16x12.png 16w, https:\/\/timelesstransfers.pt\/wp-content\/uploads\/2026\/04\/222-408x306.png 408w, https:\/\/timelesstransfers.pt\/wp-content\/uploads\/2026\/04\/222-711x533.png 711w, https:\/\/timelesstransfers.pt\/wp-content\/uploads\/2026\/04\/222-600x450.png 600w\" sizes=\"auto, (max-width: 1448px) 100vw, 1448px\"><\/div>\n\t\t<\/figure>\n\t<\/div>\n<\/div><\/div><\/div><\/div><div class=\"vc_row wpb_row vc_row-fluid theme-column-style-6 theme-padding-bottom-0\"><div class=\"theme-margin-bottom-20 wpb_column vc_column_container vc_col-sm-6\"><div class=\"vc_column-inner\"><div class=\"wpb_wrapper\"><div class=\"theme-component-list theme-component-list-style-2\">\n<ul>\n<li data-start=\"1551\" data-end=\"1678\">\n\n<li data-start=\"221\" data-end=\"394\">\nSeguran\u00e7a e FiabilidadeViaje com paz de esp\u00edrito - todos os nossos motoristas s\u00e3o profissionalmente treinados e todos os ve\u00edculos s\u00e3o mantidos de acordo com os mais elevados padr\u00f5es de seguran\u00e7a.\n<\/li>\n<li data-start=\"396\" data-end=\"534\">\nPre\u00e7os transparentesDesfrute de tarifas claras e fixas, sem custos ocultos. Obtenha um servi\u00e7o de qualidade superior a um pre\u00e7o justo, sempre que efetuar uma reserva.\n<\/li>\n<li data-start=\"536\" data-end=\"721\">\nLuxo e ConfortoExperimente o conforto de primeira classe na nossa moderna frota de sedans executivos, SUVs e carrinhas - perfeitos para transfer\u00eancias do aeroporto, viagens de neg\u00f3cios ou viagens de lazer.\n<\/li>\n\n<\/li>\n<\/ul>\n<\/div><\/div><\/div><\/div><div class=\"theme-margin-bottom-20 wpb_column vc_column_container vc_col-sm-6\"><div class=\"vc_column-inner\"><div class=\"wpb_wrapper\"><div class=\"theme-component-list theme-component-list-style-2\">\nSeguran\u00e7a em primeiro lugarTodas as viagens s\u00e3o asseguradas por um motorista totalmente licenciado, conduzindo ve\u00edculos regularmente inspeccionados para m\u00e1xima seguran\u00e7a e conforto.\nPre\u00e7os razo\u00e1veisDesfrute de pre\u00e7os transparentes, sem taxas ocultas. Obtenha um or\u00e7amento instantaneamente e saiba exatamente quanto vai pagar.\nFrota modernaEscolha a partir da nossa vasta gama de sedans executivos, SUVs, carrinhas e limusinas de luxo - perfeitas para viajantes individuais ou grupos maiores.\n<\/div><\/div><\/div><\/div><\/div><div class=\"vc_row wpb_row vc_row-fluid\"><div class=\"theme-margin-bottom-0 wpb_column vc_column_container vc_col-sm-12\"><div class=\"vc_column-inner\"><div class=\"wpb_wrapper\"><h3 style=\"text-align: center\" class=\"vc_custom_heading vc_do_custom_heading theme-margin-top-60 theme-margin-bottom-50\" >Benef\u00edcios de contratar a AutoRide<\/h3><\/div><\/div><\/div><\/div><div class=\"vc_row wpb_row vc_row-fluid\"><div class=\"theme-margin-bottom-0 wpb_column vc_column_container vc_col-sm-12\"><div class=\"vc_column-inner\"><div class=\"wpb_wrapper\">\n            <div class=\"theme-component-feature theme-component-feature-style-1\">\n                <div class=\"vc_row wpb_row vc_inner vc_row-fluid\"><div class=\"wpb_column vc_column_container vc_col-sm-4\"><div class=\"vc_column-inner\"><div class=\"wpb_wrapper\">\r\n            <div class=\"theme-component-feature-item\">\r\n                <span class=\"theme-icon-feature-check theme-component-feature-item-icon\"><span><\/span><\/span>\r\n                <h4 class=\"theme-component-feature-item-header\">Seguran\u00e7a em primeiro lugar<\/h4><p>Pessoal experiente e motoristas com forma\u00e7\u00e3o profissional.<\/p>\n\r\n            <\/div>\r\n        <\/div><\/div><\/div><div class=\"wpb_column vc_column_container vc_col-sm-4\"><div class=\"vc_column-inner\"><div class=\"wpb_wrapper\">\r\n            <div class=\"theme-component-feature-item\">\r\n                <span class=\"theme-icon-feature-price theme-component-feature-item-icon\"><span><\/span><\/span>\r\n                <h4 class=\"theme-component-feature-item-header\">Tarifas razo\u00e1veis<\/h4><p>Podemos oferecer-lhe o ve\u00edculo certo ao pre\u00e7o certo para o seu or\u00e7amento.<\/p>\n\r\n            <\/div>\r\n        <\/div><\/div><\/div><div class=\"wpb_column vc_column_container vc_col-sm-4\"><div class=\"vc_column-inner\"><div class=\"wpb_wrapper\">\r\n            <div class=\"theme-component-feature-item\">\r\n                <span class=\"theme-icon-feature-route-1 theme-component-feature-item-icon\"><span><\/span><\/span>\r\n                <h4 class=\"theme-component-feature-item-header\">Maior frota<\/h4><p>Dispomos de uma vasta frota de ve\u00edculos, incluindo sedans, limusinas e autocarros de turismo.<\/p>\n\r\n            <\/div>\r\n        <\/div><\/div><\/div><\/div>\n            <\/div>\n        <\/div><\/div><\/div><\/div><div class=\"vc_row wpb_row vc_row-fluid theme-margin-top-20\"><div class=\"theme-margin-bottom-0 wpb_column vc_column_container vc_col-sm-12\"><div class=\"vc_column-inner\"><div class=\"wpb_wrapper\">\n            <div class=\"theme-component-feature theme-component-feature-style-1\">\n                <div class=\"vc_row wpb_row vc_inner vc_row-fluid\"><div class=\"wpb_column vc_column_container vc_col-sm-4\"><div class=\"vc_column-inner\"><div class=\"wpb_wrapper\">\r\n            <div class=\"theme-component-feature-item\">\r\n                <span class=\"theme-icon-feature-bag-1 theme-component-feature-item-icon\"><span><\/span><\/span>\r\n                <h4 class=\"theme-component-feature-item-header\">Seguran\u00e7a em primeiro lugar<\/h4><p>Pessoal experiente e motoristas com forma\u00e7\u00e3o profissional.<\/p>\n\r\n            <\/div>\r\n        <\/div><\/div><\/div><div class=\"wpb_column vc_column_container vc_col-sm-4\"><div class=\"vc_column-inner\"><div class=\"wpb_wrapper\">\r\n            <div class=\"theme-component-feature-item\">\r\n                <span class=\"theme-icon-feature-box-truck theme-component-feature-item-icon\"><span><\/span><\/span>\r\n                <h4 class=\"theme-component-feature-item-header\">Tarifas razo\u00e1veis<\/h4><p>Podemos oferecer-lhe o ve\u00edculo certo ao pre\u00e7o certo para o seu or\u00e7amento.<\/p>\n\r\n            <\/div>\r\n        <\/div><\/div><\/div><div class=\"wpb_column vc_column_container vc_col-sm-4\"><div class=\"vc_column-inner\"><div class=\"wpb_wrapper\">\r\n            <div class=\"theme-component-feature-item\">\r\n                <span class=\"theme-icon-feature-party theme-component-feature-item-icon\"><span><\/span><\/span>\r\n                <h4 class=\"theme-component-feature-item-header\">Maior frota<\/h4><p>Dispomos de uma vasta frota de ve\u00edculos, incluindo sedans, limusinas e autocarros de turismo.<\/p>\n\r\n            <\/div>\r\n        <\/div><\/div><\/div><\/div>\n            <\/div>\n        <\/div><\/div><\/div><\/div>\n<\/div>","protected":false},"excerpt":{"rendered":"At Timeless Transfers, we turn every airport transfer into a seamless and stress-free experience. Whether you\u2019re arriving at Faro Airport, departing from Lisbon, or connecting between destinations, our mission is to ensure your journey begins and ends in total comfort. Our professional chauffeurs greet you personally, assist with your luggage, and guarantee a punctual, safe, [...]","protected":false},"author":1,"featured_media":0,"parent":0,"menu_order":0,"comment_status":"closed","ping_status":"closed","template":"","meta":{"_acf_changed":false,"footnotes":""},"class_list":["post-11025","page","type-page","status-publish","hentry"],"acf":[],"_links":{"self":[{"href":"https:\/\/timelesstransfers.pt\/pt\/wp-json\/wp\/v2\/pages\/11025","targetHints":{"allow":["GET"]}}],"collection":[{"href":"https:\/\/timelesstransfers.pt\/pt\/wp-json\/wp\/v2\/pages"}],"about":[{"href":"https:\/\/timelesstransfers.pt\/pt\/wp-json\/wp\/v2\/types\/page"}],"author":[{"embeddable":true,"href":"https:\/\/timelesstransfers.pt\/pt\/wp-json\/wp\/v2\/users\/1"}],"replies":[{"embeddable":true,"href":"https:\/\/timelesstransfers.pt\/pt\/wp-json\/wp\/v2\/comments?post=11025"}],"version-history":[{"count":6,"href":"https:\/\/timelesstransfers.pt\/pt\/wp-json\/wp\/v2\/pages\/11025\/revisions"}],"predecessor-version":[{"id":24821,"href":"https:\/\/timelesstransfers.pt\/pt\/wp-json\/wp\/v2\/pages\/11025\/revisions\/24821"}],"wp:attachment":[{"href":"https:\/\/timelesstransfers.pt\/pt\/wp-json\/wp\/v2\/media?parent=11025"}],"curies":[{"name":"wp","href":"https:\/\/api.w.org\/{rel}","templated":true}]}}